{"id":914,"date":"2016-03-30T13:08:29","date_gmt":"2016-03-30T11:08:29","guid":{"rendered":"http:\/\/sacpipe.se\/about-the-system\/"},"modified":"2024-10-22T08:16:25","modified_gmt":"2024-10-22T06:16:25","slug":"jarjestelmasta","status":"publish","type":"page","link":"https:\/\/sacpipe.se\/fi\/jarjestelmasta\/","title":{"rendered":"Sacpipe Connection System -sukitusj\u00e4rjestelm\u00e4"},"content":{"rendered":"<h3>UUSI ITSEKANTAVA PUTKISTO VANHAN VIEM\u00c4R\u00d6INNIN SIS\u00c4\u00c4N<\/h3>\n<p>Sacpipe Connection System -sukitusj\u00e4rjestelm\u00e4 uudistaa vanhan putkiston, huolimatta siit\u00e4, kuinka huonossa kunnossa se olisi. Joustava saumaton sukkamateriaali asennetaan vanhan putken sis\u00e4\u00e4n ja n\u00e4in luodaan uusi, itsekantava putkisto vanhan j\u00e4rjestelm\u00e4n sis\u00e4\u00e4n. J\u00e4rjestelm\u00e4 on kokonaan saumaton alusta loppuun, my\u00f6s haarojen ja mutkien osalta. N\u00e4in saneeratun putkiston kest\u00e4vyys vastaa uusia PP-muoviputkia.<\/p>\n<h3><strong>T\u00c4YDELLINEN J\u00c4RJESTELM\u00c4<\/strong><\/h3>\n<p>Sacpipe Connection System on t\u00e4ydellinen j\u00e4rjestelm\u00e4 j\u00e4tevesiputkistojen saneeraukseen kiinteist\u00f6jen sis\u00e4ll\u00e4. J\u00e4rjestelm\u00e4 asennetaan k\u00e4ytt\u00e4en paineilmaa sek\u00e4 vaaka-, ett\u00e4 pystyputkiin, koskien my\u00f6s haaroja ja mutkia. Sukkamateriaali kovetetaan putkiston sis\u00e4lle ja n\u00e4in luodaan uusi, itsekantava putkisto. Sacpipe Connection System -sukitusj\u00e4rjestelm\u00e4ss\u00e4 k\u00e4ytet\u00e4\u00e4n testattuja, tunnistettavia ja j\u00e4ljitett\u00e4vi\u00e4 materiaaleja. Asennukset toteutetaan asennusohjeistuksen mukaisesti, koulutettujen asentajien toimesta.<\/p>\n<h3><strong>JOUSTAVA, SAUMATON SUKKAMATERIAALI<\/strong><\/h3>\n<p>Joustavalla, saumattomalla sukkamateriaalillamme saadaan aikaiseksi itsekantava putkistorakenne, joka voidaan asentaa koonmuutoksiin ja 90\u00b0 mutkiin ilman haittaavia ryppyj\u00e4 lopputuloksessa. Uuden putken sein\u00e4m\u00e4vahvuus on ennalta m\u00e4\u00e4ritelty. Kovettunut sukkamateriaali on eritt\u00e4in vahvaa, ja vastaa uutta muoviputkea.<\/p>\n<h3><strong>HAARAYHTEET JA UUDET LIIT\u00c4NN\u00c4T<\/strong><\/h3>\n<p>Sacpipe Connection System -sukitusj\u00e4rjestelm\u00e4ss\u00e4 asennetaan aina erilliset haarayhteet. N\u00e4in saadaan aikaiseksi saumaton putkisto 100% tiiviydell\u00e4. Haarayhteiden asennuksella saavutetaan ylivertaisia etuja ja taataan putkiston kest\u00e4vyys pitk\u00e4lle ajalle. Sacparts -haaraliit\u00e4nn\u00e4ll\u00e4 voidaan sukitettuun putkeen liitt\u00e4\u00e4 uusia haaroja esimerkiksi keitti\u00f6n lavuaarin putkea varten. Sacparts -sukitusliit\u00e4nn\u00e4ll\u00e4 saadaan aikaiseksi turvallinen liitos sukitetun ja perinteisen putken v\u00e4lille.<\/p>\n<h3><strong>PURKU- JA PIIKKAUST\u00d6IDEN MINIMOINTI<\/strong><\/h3>\n<p>Perinteiseen viem\u00e4reiden vaihtoon verrattuna, viem\u00e4reiden sukitus voidaan toteuttaa ilman tarpeetonta seinien ja lattioiden purku- ja piikausty\u00f6t\u00e4. J\u00e4tteiden m\u00e4\u00e4r\u00e4 minimoidaan, jolloin vaikutus ymp\u00e4rist\u00f6\u00f6n on pienempi. Lis\u00e4ksi sukitus voidaan suorittaa lyhyess\u00e4 ajassa. Saneerattavan kohteen asukkaat voivat asua jopa koko remontin ajan asunnossaan.<\/p>\n","protected":false},"excerpt":{"rendered":"<p>UUSI ITSEKANTAVA PUTKISTO VANHAN VIEM\u00c4R\u00d6INNIN SIS\u00c4\u00c4N Sacpipe Connection System -sukitusj\u00e4rjestelm\u00e4 uudistaa vanhan putkiston, huolimatta siit\u00e4, kuinka huonossa kunnossa se olisi. Joustava saumaton sukkamateriaali asennetaan vanhan putken sis\u00e4\u00e4n ja n\u00e4in luodaan uusi, itsekantava putkisto vanhan j\u00e4rjestelm\u00e4n sis\u00e4\u00e4n. J\u00e4rjestelm\u00e4 on kokonaan saumaton alusta loppuun, my\u00f6s haarojen ja mutkien osalta. N\u00e4in saneeratun putkiston kest\u00e4vyys vastaa uusia PP-muoviputkia. T\u00c4YDELLINEN [&hellip;]<\/p>\n","protected":false},"author":1,"featured_media":3316,"parent":0,"menu_order":0,"comment_status":"closed","ping_status":"closed","template":"","meta":{"_acf_changed":false,"footnotes":""},"class_list":["post-914","page","type-page","status-publish","has-post-thumbnail","hentry"],"acf":[],"yoast_head":"<!-- This site is optimized with the Yoast SEO plugin v27.2 - https:\/\/yoast.com\/product\/yoast-seo-wordpress\/ -->\n<title>Sacpipe Connection System -sukitusj\u00e4rjestelm\u00e4 - Sacpipe<\/title>\n<meta name=\"description\" content=\"Sacpipe Connection System -sukitusj\u00e4rjestelm\u00e4 uudistaa vanhan putkiston, huolimatta siit\u00e4, kuinka huonossa kunnossa se olisi.\" \/>\n<meta name=\"robots\" content=\"index, follow, max-snippet:-1, max-image-preview:large, max-video-preview:-1\" \/>\n<link rel=\"canonical\" href=\"https:\/\/sacpipe.se\/fi\/jarjestelmasta\/\" \/>\n<meta property=\"og:locale\" content=\"fi_FI\" \/>\n<meta property=\"og:type\" content=\"article\" \/>\n<meta property=\"og:title\" content=\"Sacpipe Connection System -sukitusj\u00e4rjestelm\u00e4 - Sacpipe\" \/>\n<meta property=\"og:description\" content=\"Sacpipe Connection System -sukitusj\u00e4rjestelm\u00e4 uudistaa vanhan putkiston, huolimatta siit\u00e4, kuinka huonossa kunnossa se olisi.\" \/>\n<meta property=\"og:url\" content=\"https:\/\/sacpipe.se\/fi\/jarjestelmasta\/\" \/>\n<meta property=\"og:site_name\" content=\"Sacpipe\" \/>\n<meta property=\"article:modified_time\" content=\"2024-10-22T06:16:25+00:00\" \/>\n<meta property=\"og:image\" content=\"https:\/\/sacpipe.se\/wp-content\/uploads\/2016\/03\/foder.jpg\" \/>\n\t<meta property=\"og:image:width\" content=\"1864\" \/>\n\t<meta property=\"og:image:height\" content=\"480\" \/>\n\t<meta property=\"og:image:type\" content=\"image\/jpeg\" \/>\n<meta name=\"twitter:card\" content=\"summary_large_image\" \/>\n<meta name=\"twitter:label1\" content=\"Arvioitu lukuaika\" \/>\n\t<meta name=\"twitter:data1\" content=\"2 minuuttia\" \/>\n<script type=\"application\/ld+json\" class=\"yoast-schema-graph\">{\"@context\":\"https:\/\/schema.org\",\"@graph\":[{\"@type\":\"WebPage\",\"@id\":\"https:\/\/sacpipe.se\/fi\/jarjestelmasta\/\",\"url\":\"https:\/\/sacpipe.se\/fi\/jarjestelmasta\/\",\"name\":\"Sacpipe Connection System -sukitusj\u00e4rjestelm\u00e4 - Sacpipe\",\"isPartOf\":{\"@id\":\"https:\/\/sacpipe.se\/#website\"},\"primaryImageOfPage\":{\"@id\":\"https:\/\/sacpipe.se\/fi\/jarjestelmasta\/#primaryimage\"},\"image\":{\"@id\":\"https:\/\/sacpipe.se\/fi\/jarjestelmasta\/#primaryimage\"},\"thumbnailUrl\":\"https:\/\/sacpipe.se\/wp-content\/uploads\/2025\/05\/hlpipeinsidesmall.jpg\",\"datePublished\":\"2016-03-30T11:08:29+00:00\",\"dateModified\":\"2024-10-22T06:16:25+00:00\",\"description\":\"Sacpipe Connection System -sukitusj\u00e4rjestelm\u00e4 uudistaa vanhan putkiston, huolimatta siit\u00e4, kuinka huonossa kunnossa se olisi.\",\"breadcrumb\":{\"@id\":\"https:\/\/sacpipe.se\/fi\/jarjestelmasta\/#breadcrumb\"},\"inLanguage\":\"fi\",\"potentialAction\":[{\"@type\":\"ReadAction\",\"target\":[\"https:\/\/sacpipe.se\/fi\/jarjestelmasta\/\"]}]},{\"@type\":\"ImageObject\",\"inLanguage\":\"fi\",\"@id\":\"https:\/\/sacpipe.se\/fi\/jarjestelmasta\/#primaryimage\",\"url\":\"https:\/\/sacpipe.se\/wp-content\/uploads\/2025\/05\/hlpipeinsidesmall.jpg\",\"contentUrl\":\"https:\/\/sacpipe.se\/wp-content\/uploads\/2025\/05\/hlpipeinsidesmall.jpg\",\"width\":1864,\"height\":430},{\"@type\":\"BreadcrumbList\",\"@id\":\"https:\/\/sacpipe.se\/fi\/jarjestelmasta\/#breadcrumb\",\"itemListElement\":[{\"@type\":\"ListItem\",\"position\":1,\"name\":\"Hem\",\"item\":\"https:\/\/sacpipe.se\/fi\/\"},{\"@type\":\"ListItem\",\"position\":2,\"name\":\"Sacpipe Connection System -sukitusj\u00e4rjestelm\u00e4\"}]},{\"@type\":\"WebSite\",\"@id\":\"https:\/\/sacpipe.se\/#website\",\"url\":\"https:\/\/sacpipe.se\/\",\"name\":\"Sacpipe\",\"description\":\"Ett komplett system f\u00f6r relining\",\"potentialAction\":[{\"@type\":\"SearchAction\",\"target\":{\"@type\":\"EntryPoint\",\"urlTemplate\":\"https:\/\/sacpipe.se\/?s={search_term_string}\"},\"query-input\":{\"@type\":\"PropertyValueSpecification\",\"valueRequired\":true,\"valueName\":\"search_term_string\"}}],\"inLanguage\":\"fi\"}]}<\/script>\n<!-- \/ Yoast SEO plugin. -->","yoast_head_json":{"title":"Sacpipe Connection System -sukitusj\u00e4rjestelm\u00e4 - Sacpipe","description":"Sacpipe Connection System -sukitusj\u00e4rjestelm\u00e4 uudistaa vanhan putkiston, huolimatta siit\u00e4, kuinka huonossa kunnossa se olisi.","robots":{"index":"index","follow":"follow","max-snippet":"max-snippet:-1","max-image-preview":"max-image-preview:large","max-video-preview":"max-video-preview:-1"},"canonical":"https:\/\/sacpipe.se\/fi\/jarjestelmasta\/","og_locale":"fi_FI","og_type":"article","og_title":"Sacpipe Connection System -sukitusj\u00e4rjestelm\u00e4 - Sacpipe","og_description":"Sacpipe Connection System -sukitusj\u00e4rjestelm\u00e4 uudistaa vanhan putkiston, huolimatta siit\u00e4, kuinka huonossa kunnossa se olisi.","og_url":"https:\/\/sacpipe.se\/fi\/jarjestelmasta\/","og_site_name":"Sacpipe","article_modified_time":"2024-10-22T06:16:25+00:00","og_image":[{"width":1864,"height":480,"url":"https:\/\/sacpipe.se\/wp-content\/uploads\/2016\/03\/foder.jpg","type":"image\/jpeg"}],"twitter_card":"summary_large_image","twitter_misc":{"Arvioitu lukuaika":"2 minuuttia"},"schema":{"@context":"https:\/\/schema.org","@graph":[{"@type":"WebPage","@id":"https:\/\/sacpipe.se\/fi\/jarjestelmasta\/","url":"https:\/\/sacpipe.se\/fi\/jarjestelmasta\/","name":"Sacpipe Connection System -sukitusj\u00e4rjestelm\u00e4 - Sacpipe","isPartOf":{"@id":"https:\/\/sacpipe.se\/#website"},"primaryImageOfPage":{"@id":"https:\/\/sacpipe.se\/fi\/jarjestelmasta\/#primaryimage"},"image":{"@id":"https:\/\/sacpipe.se\/fi\/jarjestelmasta\/#primaryimage"},"thumbnailUrl":"https:\/\/sacpipe.se\/wp-content\/uploads\/2025\/05\/hlpipeinsidesmall.jpg","datePublished":"2016-03-30T11:08:29+00:00","dateModified":"2024-10-22T06:16:25+00:00","description":"Sacpipe Connection System -sukitusj\u00e4rjestelm\u00e4 uudistaa vanhan putkiston, huolimatta siit\u00e4, kuinka huonossa kunnossa se olisi.","breadcrumb":{"@id":"https:\/\/sacpipe.se\/fi\/jarjestelmasta\/#breadcrumb"},"inLanguage":"fi","potentialAction":[{"@type":"ReadAction","target":["https:\/\/sacpipe.se\/fi\/jarjestelmasta\/"]}]},{"@type":"ImageObject","inLanguage":"fi","@id":"https:\/\/sacpipe.se\/fi\/jarjestelmasta\/#primaryimage","url":"https:\/\/sacpipe.se\/wp-content\/uploads\/2025\/05\/hlpipeinsidesmall.jpg","contentUrl":"https:\/\/sacpipe.se\/wp-content\/uploads\/2025\/05\/hlpipeinsidesmall.jpg","width":1864,"height":430},{"@type":"BreadcrumbList","@id":"https:\/\/sacpipe.se\/fi\/jarjestelmasta\/#breadcrumb","itemListElement":[{"@type":"ListItem","position":1,"name":"Hem","item":"https:\/\/sacpipe.se\/fi\/"},{"@type":"ListItem","position":2,"name":"Sacpipe Connection System -sukitusj\u00e4rjestelm\u00e4"}]},{"@type":"WebSite","@id":"https:\/\/sacpipe.se\/#website","url":"https:\/\/sacpipe.se\/","name":"Sacpipe","description":"Ett komplett system f\u00f6r relining","potentialAction":[{"@type":"SearchAction","target":{"@type":"EntryPoint","urlTemplate":"https:\/\/sacpipe.se\/?s={search_term_string}"},"query-input":{"@type":"PropertyValueSpecification","valueRequired":true,"valueName":"search_term_string"}}],"inLanguage":"fi"}]}},"_links":{"self":[{"href":"https:\/\/sacpipe.se\/fi\/wp-json\/wp\/v2\/pages\/914","targetHints":{"allow":["GET"]}}],"collection":[{"href":"https:\/\/sacpipe.se\/fi\/wp-json\/wp\/v2\/pages"}],"about":[{"href":"https:\/\/sacpipe.se\/fi\/wp-json\/wp\/v2\/types\/page"}],"author":[{"embeddable":true,"href":"https:\/\/sacpipe.se\/fi\/wp-json\/wp\/v2\/users\/1"}],"replies":[{"embeddable":true,"href":"https:\/\/sacpipe.se\/fi\/wp-json\/wp\/v2\/comments?post=914"}],"version-history":[{"count":3,"href":"https:\/\/sacpipe.se\/fi\/wp-json\/wp\/v2\/pages\/914\/revisions"}],"predecessor-version":[{"id":3027,"href":"https:\/\/sacpipe.se\/fi\/wp-json\/wp\/v2\/pages\/914\/revisions\/3027"}],"wp:featuredmedia":[{"embeddable":true,"href":"https:\/\/sacpipe.se\/fi\/wp-json\/wp\/v2\/media\/3316"}],"wp:attachment":[{"href":"https:\/\/sacpipe.se\/fi\/wp-json\/wp\/v2\/media?parent=914"}],"curies":[{"name":"wp","href":"https:\/\/api.w.org\/{rel}","templated":true}]}}