{"id":912,"date":"2016-03-17T09:50:49","date_gmt":"2016-03-17T08:50:49","guid":{"rendered":"http:\/\/sacpipe.se\/?page_id=912\/"},"modified":"2024-10-22T13:24:41","modified_gmt":"2024-10-22T11:24:41","slug":"var-relining-aterstaller-stammens-funktion","status":"publish","type":"page","link":"https:\/\/sacpipe.se\/fi\/","title":{"rendered":"Putkistosaneeraus ilman p\u00f6ly\u00e4 ja meteli\u00e4"},"content":{"rendered":"<p>Sacpipe Connection System -sukitusj\u00e4rjestelm\u00e4 uudistaa putkistosi. Saneerattavan putkiston kunnolla ei ole miltei mit\u00e4\u00e4n merkityst\u00e4. Se tarkoittaa sit\u00e4, ett\u00e4 ei haittaa, vaikka putkistossa olisi reiki\u00e4 tai halkeamia. My\u00f6sk\u00e4\u00e4n sijoiltaan menneet haarat ja jopa kokonaan puuttuvat putken osat eiv\u00e4t ole esteen\u00e4. Sacpipe Connection System -sukitusj\u00e4rjestelm\u00e4\u00e4 asennettaessa vanhan tai rikkin\u00e4isen putkiston sis\u00e4\u00e4n rakennetaan uusi, itsekantava putkisto. Uuden asennetun putkiston sein\u00e4m\u00e4vahvuus on ennalta m\u00e4\u00e4ritelty, ja se on yht\u00e4 kest\u00e4v\u00e4 kuin uusi perinteinen putkisto. Sukitetun putken etuna on saumattomuus. Putkisto on t\u00e4ysin saumaton alusta loppuun, kaikkien haarojen l\u00e4pi riippumatta siit\u00e4, kuinka pitk\u00e4 putkisto on.<\/p>\n\n\n<p><\/p>\n","protected":false},"excerpt":{"rendered":"<p>Sacpipe Connection System -sukitusj\u00e4rjestelm\u00e4 uudistaa putkistosi. Saneerattavan putkiston kunnolla ei ole miltei mit\u00e4\u00e4n merkityst\u00e4. Se tarkoittaa sit\u00e4, ett\u00e4 ei haittaa, vaikka putkistossa olisi reiki\u00e4 tai halkeamia. My\u00f6sk\u00e4\u00e4n sijoiltaan menneet haarat ja jopa kokonaan puuttuvat putken osat eiv\u00e4t ole esteen\u00e4. Sacpipe Connection System -sukitusj\u00e4rjestelm\u00e4\u00e4 asennettaessa vanhan tai rikkin\u00e4isen putkiston sis\u00e4\u00e4n rakennetaan uusi, itsekantava putkisto. Uuden asennetun [&hellip;]<\/p>\n","protected":false},"author":1,"featured_media":0,"parent":0,"menu_order":0,"comment_status":"closed","ping_status":"closed","template":"","meta":{"_acf_changed":false,"footnotes":""},"class_list":["post-912","page","type-page","status-publish","hentry"],"acf":[],"yoast_head":"<!-- This site is optimized with the Yoast SEO plugin v27.4 - https:\/\/yoast.com\/product\/yoast-seo-wordpress\/ -->\n<title>Sacpipe \u2013 Uusi viem\u00e4ri ilman purkut\u00f6it\u00e4<\/title>\n<meta name=\"description\" content=\"Sacpipe Connection System -sukitusj\u00e4rjestelm\u00e4\u00e4 asennettaessa vanhan tai rikkin\u00e4isen putkiston sis\u00e4\u00e4n rakennetaan uusi, itsekantava putkisto.\" \/>\n<meta name=\"robots\" content=\"index, follow, max-snippet:-1, max-image-preview:large, max-video-preview:-1\" \/>\n<link rel=\"canonical\" href=\"https:\/\/sacpipe.se\/fi\/\" \/>\n<meta property=\"og:locale\" content=\"fi_FI\" \/>\n<meta property=\"og:type\" content=\"article\" \/>\n<meta property=\"og:title\" content=\"Sacpipe \u2013 Uusi viem\u00e4ri ilman purkut\u00f6it\u00e4\" \/>\n<meta property=\"og:description\" content=\"Sacpipe Connection System -sukitusj\u00e4rjestelm\u00e4\u00e4 asennettaessa vanhan tai rikkin\u00e4isen putkiston sis\u00e4\u00e4n rakennetaan uusi, itsekantava putkisto.\" \/>\n<meta property=\"og:url\" content=\"https:\/\/sacpipe.se\/fi\/\" \/>\n<meta property=\"og:site_name\" content=\"Sacpipe\" \/>\n<meta property=\"article:modified_time\" content=\"2024-10-22T11:24:41+00:00\" \/>\n<meta name=\"twitter:card\" content=\"summary_large_image\" \/>\n<meta name=\"twitter:label1\" content=\"Arvioitu lukuaika\" \/>\n\t<meta name=\"twitter:data1\" content=\"1 minuutti\" \/>\n<script type=\"application\/ld+json\" class=\"yoast-schema-graph\">{\"@context\":\"https:\\\/\\\/schema.org\",\"@graph\":[{\"@type\":\"WebPage\",\"@id\":\"https:\\\/\\\/sacpipe.se\\\/fi\\\/\",\"url\":\"https:\\\/\\\/sacpipe.se\\\/fi\\\/\",\"name\":\"Sacpipe \u2013 Uusi viem\u00e4ri ilman purkut\u00f6it\u00e4\",\"isPartOf\":{\"@id\":\"https:\\\/\\\/sacpipe.se\\\/#website\"},\"datePublished\":\"2016-03-17T08:50:49+00:00\",\"dateModified\":\"2024-10-22T11:24:41+00:00\",\"description\":\"Sacpipe Connection System -sukitusj\u00e4rjestelm\u00e4\u00e4 asennettaessa vanhan tai rikkin\u00e4isen putkiston sis\u00e4\u00e4n rakennetaan uusi, itsekantava putkisto.\",\"breadcrumb\":{\"@id\":\"https:\\\/\\\/sacpipe.se\\\/fi\\\/#breadcrumb\"},\"inLanguage\":\"fi\",\"potentialAction\":[{\"@type\":\"ReadAction\",\"target\":[\"https:\\\/\\\/sacpipe.se\\\/fi\\\/\"]}]},{\"@type\":\"BreadcrumbList\",\"@id\":\"https:\\\/\\\/sacpipe.se\\\/fi\\\/#breadcrumb\",\"itemListElement\":[{\"@type\":\"ListItem\",\"position\":1,\"name\":\"Hem\",\"item\":\"https:\\\/\\\/sacpipe.se\\\/fi\\\/\"},{\"@type\":\"ListItem\",\"position\":2,\"name\":\"Putkistosaneeraus ilman p\u00f6ly\u00e4 ja meteli\u00e4\"}]},{\"@type\":\"WebSite\",\"@id\":\"https:\\\/\\\/sacpipe.se\\\/#website\",\"url\":\"https:\\\/\\\/sacpipe.se\\\/\",\"name\":\"Sacpipe\",\"description\":\"Ett komplett system f\u00f6r relining\",\"potentialAction\":[{\"@type\":\"SearchAction\",\"target\":{\"@type\":\"EntryPoint\",\"urlTemplate\":\"https:\\\/\\\/sacpipe.se\\\/?s={search_term_string}\"},\"query-input\":{\"@type\":\"PropertyValueSpecification\",\"valueRequired\":true,\"valueName\":\"search_term_string\"}}],\"inLanguage\":\"fi\"}]}<\/script>\n<!-- \/ Yoast SEO plugin. -->","yoast_head_json":{"title":"Sacpipe \u2013 Uusi viem\u00e4ri ilman purkut\u00f6it\u00e4","description":"Sacpipe Connection System -sukitusj\u00e4rjestelm\u00e4\u00e4 asennettaessa vanhan tai rikkin\u00e4isen putkiston sis\u00e4\u00e4n rakennetaan uusi, itsekantava putkisto.","robots":{"index":"index","follow":"follow","max-snippet":"max-snippet:-1","max-image-preview":"max-image-preview:large","max-video-preview":"max-video-preview:-1"},"canonical":"https:\/\/sacpipe.se\/fi\/","og_locale":"fi_FI","og_type":"article","og_title":"Sacpipe \u2013 Uusi viem\u00e4ri ilman purkut\u00f6it\u00e4","og_description":"Sacpipe Connection System -sukitusj\u00e4rjestelm\u00e4\u00e4 asennettaessa vanhan tai rikkin\u00e4isen putkiston sis\u00e4\u00e4n rakennetaan uusi, itsekantava putkisto.","og_url":"https:\/\/sacpipe.se\/fi\/","og_site_name":"Sacpipe","article_modified_time":"2024-10-22T11:24:41+00:00","twitter_card":"summary_large_image","twitter_misc":{"Arvioitu lukuaika":"1 minuutti"},"schema":{"@context":"https:\/\/schema.org","@graph":[{"@type":"WebPage","@id":"https:\/\/sacpipe.se\/fi\/","url":"https:\/\/sacpipe.se\/fi\/","name":"Sacpipe \u2013 Uusi viem\u00e4ri ilman purkut\u00f6it\u00e4","isPartOf":{"@id":"https:\/\/sacpipe.se\/#website"},"datePublished":"2016-03-17T08:50:49+00:00","dateModified":"2024-10-22T11:24:41+00:00","description":"Sacpipe Connection System -sukitusj\u00e4rjestelm\u00e4\u00e4 asennettaessa vanhan tai rikkin\u00e4isen putkiston sis\u00e4\u00e4n rakennetaan uusi, itsekantava putkisto.","breadcrumb":{"@id":"https:\/\/sacpipe.se\/fi\/#breadcrumb"},"inLanguage":"fi","potentialAction":[{"@type":"ReadAction","target":["https:\/\/sacpipe.se\/fi\/"]}]},{"@type":"BreadcrumbList","@id":"https:\/\/sacpipe.se\/fi\/#breadcrumb","itemListElement":[{"@type":"ListItem","position":1,"name":"Hem","item":"https:\/\/sacpipe.se\/fi\/"},{"@type":"ListItem","position":2,"name":"Putkistosaneeraus ilman p\u00f6ly\u00e4 ja meteli\u00e4"}]},{"@type":"WebSite","@id":"https:\/\/sacpipe.se\/#website","url":"https:\/\/sacpipe.se\/","name":"Sacpipe","description":"Ett komplett system f\u00f6r relining","potentialAction":[{"@type":"SearchAction","target":{"@type":"EntryPoint","urlTemplate":"https:\/\/sacpipe.se\/?s={search_term_string}"},"query-input":{"@type":"PropertyValueSpecification","valueRequired":true,"valueName":"search_term_string"}}],"inLanguage":"fi"}]}},"_links":{"self":[{"href":"https:\/\/sacpipe.se\/fi\/wp-json\/wp\/v2\/pages\/912","targetHints":{"allow":["GET"]}}],"collection":[{"href":"https:\/\/sacpipe.se\/fi\/wp-json\/wp\/v2\/pages"}],"about":[{"href":"https:\/\/sacpipe.se\/fi\/wp-json\/wp\/v2\/types\/page"}],"author":[{"embeddable":true,"href":"https:\/\/sacpipe.se\/fi\/wp-json\/wp\/v2\/users\/1"}],"replies":[{"embeddable":true,"href":"https:\/\/sacpipe.se\/fi\/wp-json\/wp\/v2\/comments?post=912"}],"version-history":[{"count":2,"href":"https:\/\/sacpipe.se\/fi\/wp-json\/wp\/v2\/pages\/912\/revisions"}],"predecessor-version":[{"id":3104,"href":"https:\/\/sacpipe.se\/fi\/wp-json\/wp\/v2\/pages\/912\/revisions\/3104"}],"wp:attachment":[{"href":"https:\/\/sacpipe.se\/fi\/wp-json\/wp\/v2\/media?parent=912"}],"curies":[{"name":"wp","href":"https:\/\/api.w.org\/{rel}","templated":true}]}}