{"id":1014,"date":"2019-06-26T08:34:36","date_gmt":"2019-06-26T06:34:36","guid":{"rendered":"http:\/\/sacpipe.se\/?page_id=1014"},"modified":"2019-09-16T15:22:32","modified_gmt":"2019-09-16T13:22:32","slug":"faq","status":"publish","type":"page","link":"https:\/\/sacpipe.se\/fi\/faq\/","title":{"rendered":"FAQ"},"content":{"rendered":"<p>Asiakkailla on usein paljon kysymyksi\u00e4 sukituksesta. Mit\u00e4 sukitus on? Miten sukittaminen tapahtuu? Alan ulkopuolisena henkil\u00f6n\u00e4 ei ole aina helppoa tiet\u00e4\u00e4, mit\u00e4 eroa on erilaisilla viem\u00e4rin saneerauksilla ja mink\u00e4laisia vaatimuksia materiaaleille tulisi asettaa. Olemme ker\u00e4nneet yleisimpi\u00e4 kysymyksi\u00e4 t\u00e4lle sivulle.<\/p>\n<p>Mik\u00e4li sinulla on muita kysymyksi\u00e4 aiheeseen liittyen, ota yhteytt\u00e4 meihin joko s\u00e4hk\u00f6postitse: <a href=\"mailto:office@sacpro.fi\">office@sacpro.fi<\/a> tai puhelimitse: +358\u00a0400\u00a0482\u00a0040 \/ +358 40\u00a0482 0015<\/p>\n","protected":false},"excerpt":{"rendered":"<p>Asiakkailla on usein paljon kysymyksi\u00e4 sukituksesta. Mit\u00e4 sukitus on? Miten sukittaminen tapahtuu? Alan ulkopuolisena henkil\u00f6n\u00e4 ei ole aina helppoa tiet\u00e4\u00e4, mit\u00e4 eroa on erilaisilla viem\u00e4rin saneerauksilla ja mink\u00e4laisia vaatimuksia materiaaleille tulisi asettaa. Olemme ker\u00e4nneet yleisimpi\u00e4 kysymyksi\u00e4 t\u00e4lle sivulle. Mik\u00e4li sinulla on muita kysymyksi\u00e4 aiheeseen liittyen, ota yhteytt\u00e4 meihin joko s\u00e4hk\u00f6postitse: office@sacpro.fi tai puhelimitse: +358\u00a0400\u00a0482\u00a0040 \/ [&hellip;]<\/p>\n","protected":false},"author":2,"featured_media":1905,"parent":0,"menu_order":0,"comment_status":"closed","ping_status":"closed","template":"template-faq.php","meta":{"_acf_changed":false,"footnotes":""},"class_list":["post-1014","page","type-page","status-publish","has-post-thumbnail","hentry"],"acf":[],"yoast_head":"<!-- This site is optimized with the Yoast SEO plugin v27.2 - https:\/\/yoast.com\/product\/yoast-seo-wordpress\/ -->\n<title>FAQ - Sacpipe<\/title>\n<meta name=\"robots\" content=\"index, follow, max-snippet:-1, max-image-preview:large, max-video-preview:-1\" \/>\n<link rel=\"canonical\" href=\"https:\/\/sacpipe.se\/fi\/faq\/\" \/>\n<meta property=\"og:locale\" content=\"fi_FI\" \/>\n<meta property=\"og:type\" content=\"article\" \/>\n<meta property=\"og:title\" content=\"FAQ - Sacpipe\" \/>\n<meta property=\"og:description\" content=\"Asiakkailla on usein paljon kysymyksi\u00e4 sukituksesta. Mit\u00e4 sukitus on? Miten sukittaminen tapahtuu? Alan ulkopuolisena henkil\u00f6n\u00e4 ei ole aina helppoa tiet\u00e4\u00e4, mit\u00e4 eroa on erilaisilla viem\u00e4rin saneerauksilla ja mink\u00e4laisia vaatimuksia materiaaleille tulisi asettaa. Olemme ker\u00e4nneet yleisimpi\u00e4 kysymyksi\u00e4 t\u00e4lle sivulle. Mik\u00e4li sinulla on muita kysymyksi\u00e4 aiheeseen liittyen, ota yhteytt\u00e4 meihin joko s\u00e4hk\u00f6postitse: office@sacpro.fi tai puhelimitse: +358\u00a0400\u00a0482\u00a0040 \/ [&hellip;]\" \/>\n<meta property=\"og:url\" content=\"https:\/\/sacpipe.se\/fi\/faq\/\" \/>\n<meta property=\"og:site_name\" content=\"Sacpipe\" \/>\n<meta property=\"article:modified_time\" content=\"2019-09-16T13:22:32+00:00\" \/>\n<meta property=\"og:image\" content=\"https:\/\/sacpipe.se\/wp-content\/uploads\/2016\/03\/gatared4.jpg\" \/>\n\t<meta property=\"og:image:width\" content=\"1864\" \/>\n\t<meta property=\"og:image:height\" content=\"430\" \/>\n\t<meta property=\"og:image:type\" content=\"image\/jpeg\" \/>\n<meta name=\"twitter:card\" content=\"summary_large_image\" \/>\n<script type=\"application\/ld+json\" class=\"yoast-schema-graph\">{\"@context\":\"https:\/\/schema.org\",\"@graph\":[{\"@type\":\"WebPage\",\"@id\":\"https:\/\/sacpipe.se\/fi\/faq\/\",\"url\":\"https:\/\/sacpipe.se\/fi\/faq\/\",\"name\":\"FAQ - Sacpipe\",\"isPartOf\":{\"@id\":\"https:\/\/sacpipe.se\/#website\"},\"primaryImageOfPage\":{\"@id\":\"https:\/\/sacpipe.se\/fi\/faq\/#primaryimage\"},\"image\":{\"@id\":\"https:\/\/sacpipe.se\/fi\/faq\/#primaryimage\"},\"thumbnailUrl\":\"https:\/\/sacpipe.se\/wp-content\/uploads\/2016\/03\/gatared4.jpg\",\"datePublished\":\"2019-06-26T06:34:36+00:00\",\"dateModified\":\"2019-09-16T13:22:32+00:00\",\"breadcrumb\":{\"@id\":\"https:\/\/sacpipe.se\/fi\/faq\/#breadcrumb\"},\"inLanguage\":\"fi\",\"potentialAction\":[{\"@type\":\"ReadAction\",\"target\":[\"https:\/\/sacpipe.se\/fi\/faq\/\"]}]},{\"@type\":\"ImageObject\",\"inLanguage\":\"fi\",\"@id\":\"https:\/\/sacpipe.se\/fi\/faq\/#primaryimage\",\"url\":\"https:\/\/sacpipe.se\/wp-content\/uploads\/2016\/03\/gatared4.jpg\",\"contentUrl\":\"https:\/\/sacpipe.se\/wp-content\/uploads\/2016\/03\/gatared4.jpg\",\"width\":1864,\"height\":430},{\"@type\":\"BreadcrumbList\",\"@id\":\"https:\/\/sacpipe.se\/fi\/faq\/#breadcrumb\",\"itemListElement\":[{\"@type\":\"ListItem\",\"position\":1,\"name\":\"Hem\",\"item\":\"https:\/\/sacpipe.se\/fi\/\"},{\"@type\":\"ListItem\",\"position\":2,\"name\":\"FAQ\"}]},{\"@type\":\"WebSite\",\"@id\":\"https:\/\/sacpipe.se\/#website\",\"url\":\"https:\/\/sacpipe.se\/\",\"name\":\"Sacpipe\",\"description\":\"Ett komplett system f\u00f6r relining\",\"potentialAction\":[{\"@type\":\"SearchAction\",\"target\":{\"@type\":\"EntryPoint\",\"urlTemplate\":\"https:\/\/sacpipe.se\/?s={search_term_string}\"},\"query-input\":{\"@type\":\"PropertyValueSpecification\",\"valueRequired\":true,\"valueName\":\"search_term_string\"}}],\"inLanguage\":\"fi\"}]}<\/script>\n<!-- \/ Yoast SEO plugin. -->","yoast_head_json":{"title":"FAQ - Sacpipe","robots":{"index":"index","follow":"follow","max-snippet":"max-snippet:-1","max-image-preview":"max-image-preview:large","max-video-preview":"max-video-preview:-1"},"canonical":"https:\/\/sacpipe.se\/fi\/faq\/","og_locale":"fi_FI","og_type":"article","og_title":"FAQ - Sacpipe","og_description":"Asiakkailla on usein paljon kysymyksi\u00e4 sukituksesta. Mit\u00e4 sukitus on? Miten sukittaminen tapahtuu? Alan ulkopuolisena henkil\u00f6n\u00e4 ei ole aina helppoa tiet\u00e4\u00e4, mit\u00e4 eroa on erilaisilla viem\u00e4rin saneerauksilla ja mink\u00e4laisia vaatimuksia materiaaleille tulisi asettaa. Olemme ker\u00e4nneet yleisimpi\u00e4 kysymyksi\u00e4 t\u00e4lle sivulle. Mik\u00e4li sinulla on muita kysymyksi\u00e4 aiheeseen liittyen, ota yhteytt\u00e4 meihin joko s\u00e4hk\u00f6postitse: office@sacpro.fi tai puhelimitse: +358\u00a0400\u00a0482\u00a0040 \/ [&hellip;]","og_url":"https:\/\/sacpipe.se\/fi\/faq\/","og_site_name":"Sacpipe","article_modified_time":"2019-09-16T13:22:32+00:00","og_image":[{"width":1864,"height":430,"url":"https:\/\/sacpipe.se\/wp-content\/uploads\/2016\/03\/gatared4.jpg","type":"image\/jpeg"}],"twitter_card":"summary_large_image","schema":{"@context":"https:\/\/schema.org","@graph":[{"@type":"WebPage","@id":"https:\/\/sacpipe.se\/fi\/faq\/","url":"https:\/\/sacpipe.se\/fi\/faq\/","name":"FAQ - Sacpipe","isPartOf":{"@id":"https:\/\/sacpipe.se\/#website"},"primaryImageOfPage":{"@id":"https:\/\/sacpipe.se\/fi\/faq\/#primaryimage"},"image":{"@id":"https:\/\/sacpipe.se\/fi\/faq\/#primaryimage"},"thumbnailUrl":"https:\/\/sacpipe.se\/wp-content\/uploads\/2016\/03\/gatared4.jpg","datePublished":"2019-06-26T06:34:36+00:00","dateModified":"2019-09-16T13:22:32+00:00","breadcrumb":{"@id":"https:\/\/sacpipe.se\/fi\/faq\/#breadcrumb"},"inLanguage":"fi","potentialAction":[{"@type":"ReadAction","target":["https:\/\/sacpipe.se\/fi\/faq\/"]}]},{"@type":"ImageObject","inLanguage":"fi","@id":"https:\/\/sacpipe.se\/fi\/faq\/#primaryimage","url":"https:\/\/sacpipe.se\/wp-content\/uploads\/2016\/03\/gatared4.jpg","contentUrl":"https:\/\/sacpipe.se\/wp-content\/uploads\/2016\/03\/gatared4.jpg","width":1864,"height":430},{"@type":"BreadcrumbList","@id":"https:\/\/sacpipe.se\/fi\/faq\/#breadcrumb","itemListElement":[{"@type":"ListItem","position":1,"name":"Hem","item":"https:\/\/sacpipe.se\/fi\/"},{"@type":"ListItem","position":2,"name":"FAQ"}]},{"@type":"WebSite","@id":"https:\/\/sacpipe.se\/#website","url":"https:\/\/sacpipe.se\/","name":"Sacpipe","description":"Ett komplett system f\u00f6r relining","potentialAction":[{"@type":"SearchAction","target":{"@type":"EntryPoint","urlTemplate":"https:\/\/sacpipe.se\/?s={search_term_string}"},"query-input":{"@type":"PropertyValueSpecification","valueRequired":true,"valueName":"search_term_string"}}],"inLanguage":"fi"}]}},"_links":{"self":[{"href":"https:\/\/sacpipe.se\/fi\/wp-json\/wp\/v2\/pages\/1014","targetHints":{"allow":["GET"]}}],"collection":[{"href":"https:\/\/sacpipe.se\/fi\/wp-json\/wp\/v2\/pages"}],"about":[{"href":"https:\/\/sacpipe.se\/fi\/wp-json\/wp\/v2\/types\/page"}],"author":[{"embeddable":true,"href":"https:\/\/sacpipe.se\/fi\/wp-json\/wp\/v2\/users\/2"}],"replies":[{"embeddable":true,"href":"https:\/\/sacpipe.se\/fi\/wp-json\/wp\/v2\/comments?post=1014"}],"version-history":[{"count":2,"href":"https:\/\/sacpipe.se\/fi\/wp-json\/wp\/v2\/pages\/1014\/revisions"}],"predecessor-version":[{"id":1978,"href":"https:\/\/sacpipe.se\/fi\/wp-json\/wp\/v2\/pages\/1014\/revisions\/1978"}],"wp:featuredmedia":[{"embeddable":true,"href":"https:\/\/sacpipe.se\/fi\/wp-json\/wp\/v2\/media\/1905"}],"wp:attachment":[{"href":"https:\/\/sacpipe.se\/fi\/wp-json\/wp\/v2\/media?parent=1014"}],"curies":[{"name":"wp","href":"https:\/\/api.w.org\/{rel}","templated":true}]}}