{"id":1011,"date":"2019-06-26T08:18:16","date_gmt":"2019-06-26T06:18:16","guid":{"rendered":"http:\/\/sacpipe.se\/?page_id=1011"},"modified":"2024-10-22T08:01:16","modified_gmt":"2024-10-22T06:01:16","slug":"ota-yhteytta","status":"publish","type":"page","link":"https:\/\/sacpipe.se\/fi\/ota-yhteytta\/","title":{"rendered":"Yhteystiedot"},"content":{"rendered":"<p>Me ty\u00f6skentelemme Sacprolla, joka toimii Sacpipe Connection System -sukitusj\u00e4rjestelm\u00e4n toimittajana. Ota meihin yhteytt\u00e4, mik\u00e4li sinulla on kysytt\u00e4v\u00e4\u00e4 j\u00e4rjestelm\u00e4st\u00e4, yrityksest\u00e4mme, tai muista asioista. Haluaisiko yrityksesi tulla Sacpipe Connection System -sukitusj\u00e4rjestelm\u00e4n auktorisoiduksi asennusyritykseksi?<\/p>\n<hr \/>\n<p><strong>Sacpro Oy<\/strong><br \/>\nHallimestarinkatu 9<br \/>\n20780 Kaarina<br \/>\nSuomi<\/p>\n<p>Web: <a href=\"http:\/\/www.sacpro.se\">www.sacpro.fi<\/a><br \/>\nE-mail: <a href=\"mailto:info@sacpro.se\">info@sacpro.fi<\/a><br \/>\nPhone: +358 40 482 0015<\/p>\n","protected":false},"excerpt":{"rendered":"<p>Me ty\u00f6skentelemme Sacprolla, joka toimii Sacpipe Connection System -sukitusj\u00e4rjestelm\u00e4n toimittajana. Ota meihin yhteytt\u00e4, mik\u00e4li sinulla on kysytt\u00e4v\u00e4\u00e4 j\u00e4rjestelm\u00e4st\u00e4, yrityksest\u00e4mme, tai muista asioista. Haluaisiko yrityksesi tulla Sacpipe Connection System -sukitusj\u00e4rjestelm\u00e4n auktorisoiduksi asennusyritykseksi? Sacpro Oy Hallimestarinkatu 9 20780 Kaarina Suomi Web: www.sacpro.fi E-mail: info@sacpro.fi Phone: +358 40 482 0015<\/p>\n","protected":false},"author":2,"featured_media":536,"parent":0,"menu_order":0,"comment_status":"closed","ping_status":"closed","template":"template-contact.php","meta":{"_acf_changed":false,"footnotes":""},"class_list":["post-1011","page","type-page","status-publish","has-post-thumbnail","hentry"],"acf":[],"yoast_head":"<!-- This site is optimized with the Yoast SEO plugin v27.4 - https:\/\/yoast.com\/product\/yoast-seo-wordpress\/ -->\n<title>Yhteystiedot - Sacpipe<\/title>\n<meta name=\"robots\" content=\"index, follow, max-snippet:-1, max-image-preview:large, max-video-preview:-1\" \/>\n<link rel=\"canonical\" href=\"https:\/\/sacpipe.se\/fi\/ota-yhteytta\/\" \/>\n<meta property=\"og:locale\" content=\"fi_FI\" \/>\n<meta property=\"og:type\" content=\"article\" \/>\n<meta property=\"og:title\" content=\"Yhteystiedot - Sacpipe\" \/>\n<meta property=\"og:description\" content=\"Me ty\u00f6skentelemme Sacprolla, joka toimii Sacpipe Connection System -sukitusj\u00e4rjestelm\u00e4n toimittajana. Ota meihin yhteytt\u00e4, mik\u00e4li sinulla on kysytt\u00e4v\u00e4\u00e4 j\u00e4rjestelm\u00e4st\u00e4, yrityksest\u00e4mme, tai muista asioista. Haluaisiko yrityksesi tulla Sacpipe Connection System -sukitusj\u00e4rjestelm\u00e4n auktorisoiduksi asennusyritykseksi? Sacpro Oy Hallimestarinkatu 9 20780 Kaarina Suomi Web: www.sacpro.fi E-mail: info@sacpro.fi Phone: +358 40 482 0015\" \/>\n<meta property=\"og:url\" content=\"https:\/\/sacpipe.se\/fi\/ota-yhteytta\/\" \/>\n<meta property=\"og:site_name\" content=\"Sacpipe\" \/>\n<meta property=\"article:modified_time\" content=\"2024-10-22T06:01:16+00:00\" \/>\n<meta property=\"og:image\" content=\"https:\/\/sacpipe.se\/wp-content\/uploads\/2016\/03\/kontakt.jpg\" \/>\n\t<meta property=\"og:image:width\" content=\"1864\" \/>\n\t<meta property=\"og:image:height\" content=\"430\" \/>\n\t<meta property=\"og:image:type\" content=\"image\/jpeg\" \/>\n<meta name=\"twitter:card\" content=\"summary_large_image\" \/>\n<meta name=\"twitter:label1\" content=\"Arvioitu lukuaika\" \/>\n\t<meta name=\"twitter:data1\" content=\"1 minuutti\" \/>\n<script type=\"application\/ld+json\" class=\"yoast-schema-graph\">{\"@context\":\"https:\\\/\\\/schema.org\",\"@graph\":[{\"@type\":\"WebPage\",\"@id\":\"https:\\\/\\\/sacpipe.se\\\/fi\\\/ota-yhteytta\\\/\",\"url\":\"https:\\\/\\\/sacpipe.se\\\/fi\\\/ota-yhteytta\\\/\",\"name\":\"Yhteystiedot - Sacpipe\",\"isPartOf\":{\"@id\":\"https:\\\/\\\/sacpipe.se\\\/#website\"},\"primaryImageOfPage\":{\"@id\":\"https:\\\/\\\/sacpipe.se\\\/fi\\\/ota-yhteytta\\\/#primaryimage\"},\"image\":{\"@id\":\"https:\\\/\\\/sacpipe.se\\\/fi\\\/ota-yhteytta\\\/#primaryimage\"},\"thumbnailUrl\":\"https:\\\/\\\/sacpipe.se\\\/wp-content\\\/uploads\\\/2016\\\/03\\\/kontakt.jpg\",\"datePublished\":\"2019-06-26T06:18:16+00:00\",\"dateModified\":\"2024-10-22T06:01:16+00:00\",\"breadcrumb\":{\"@id\":\"https:\\\/\\\/sacpipe.se\\\/fi\\\/ota-yhteytta\\\/#breadcrumb\"},\"inLanguage\":\"fi\",\"potentialAction\":[{\"@type\":\"ReadAction\",\"target\":[\"https:\\\/\\\/sacpipe.se\\\/fi\\\/ota-yhteytta\\\/\"]}]},{\"@type\":\"ImageObject\",\"inLanguage\":\"fi\",\"@id\":\"https:\\\/\\\/sacpipe.se\\\/fi\\\/ota-yhteytta\\\/#primaryimage\",\"url\":\"https:\\\/\\\/sacpipe.se\\\/wp-content\\\/uploads\\\/2016\\\/03\\\/kontakt.jpg\",\"contentUrl\":\"https:\\\/\\\/sacpipe.se\\\/wp-content\\\/uploads\\\/2016\\\/03\\\/kontakt.jpg\",\"width\":1864,\"height\":430,\"caption\":\"kontakt Sacpipe\"},{\"@type\":\"BreadcrumbList\",\"@id\":\"https:\\\/\\\/sacpipe.se\\\/fi\\\/ota-yhteytta\\\/#breadcrumb\",\"itemListElement\":[{\"@type\":\"ListItem\",\"position\":1,\"name\":\"Hem\",\"item\":\"https:\\\/\\\/sacpipe.se\\\/fi\\\/\"},{\"@type\":\"ListItem\",\"position\":2,\"name\":\"Yhteystiedot\"}]},{\"@type\":\"WebSite\",\"@id\":\"https:\\\/\\\/sacpipe.se\\\/#website\",\"url\":\"https:\\\/\\\/sacpipe.se\\\/\",\"name\":\"Sacpipe\",\"description\":\"Ett komplett system f\u00f6r relining\",\"potentialAction\":[{\"@type\":\"SearchAction\",\"target\":{\"@type\":\"EntryPoint\",\"urlTemplate\":\"https:\\\/\\\/sacpipe.se\\\/?s={search_term_string}\"},\"query-input\":{\"@type\":\"PropertyValueSpecification\",\"valueRequired\":true,\"valueName\":\"search_term_string\"}}],\"inLanguage\":\"fi\"}]}<\/script>\n<!-- \/ Yoast SEO plugin. -->","yoast_head_json":{"title":"Yhteystiedot - Sacpipe","robots":{"index":"index","follow":"follow","max-snippet":"max-snippet:-1","max-image-preview":"max-image-preview:large","max-video-preview":"max-video-preview:-1"},"canonical":"https:\/\/sacpipe.se\/fi\/ota-yhteytta\/","og_locale":"fi_FI","og_type":"article","og_title":"Yhteystiedot - Sacpipe","og_description":"Me ty\u00f6skentelemme Sacprolla, joka toimii Sacpipe Connection System -sukitusj\u00e4rjestelm\u00e4n toimittajana. Ota meihin yhteytt\u00e4, mik\u00e4li sinulla on kysytt\u00e4v\u00e4\u00e4 j\u00e4rjestelm\u00e4st\u00e4, yrityksest\u00e4mme, tai muista asioista. Haluaisiko yrityksesi tulla Sacpipe Connection System -sukitusj\u00e4rjestelm\u00e4n auktorisoiduksi asennusyritykseksi? Sacpro Oy Hallimestarinkatu 9 20780 Kaarina Suomi Web: www.sacpro.fi E-mail: info@sacpro.fi Phone: +358 40 482 0015","og_url":"https:\/\/sacpipe.se\/fi\/ota-yhteytta\/","og_site_name":"Sacpipe","article_modified_time":"2024-10-22T06:01:16+00:00","og_image":[{"width":1864,"height":430,"url":"https:\/\/sacpipe.se\/wp-content\/uploads\/2016\/03\/kontakt.jpg","type":"image\/jpeg"}],"twitter_card":"summary_large_image","twitter_misc":{"Arvioitu lukuaika":"1 minuutti"},"schema":{"@context":"https:\/\/schema.org","@graph":[{"@type":"WebPage","@id":"https:\/\/sacpipe.se\/fi\/ota-yhteytta\/","url":"https:\/\/sacpipe.se\/fi\/ota-yhteytta\/","name":"Yhteystiedot - Sacpipe","isPartOf":{"@id":"https:\/\/sacpipe.se\/#website"},"primaryImageOfPage":{"@id":"https:\/\/sacpipe.se\/fi\/ota-yhteytta\/#primaryimage"},"image":{"@id":"https:\/\/sacpipe.se\/fi\/ota-yhteytta\/#primaryimage"},"thumbnailUrl":"https:\/\/sacpipe.se\/wp-content\/uploads\/2016\/03\/kontakt.jpg","datePublished":"2019-06-26T06:18:16+00:00","dateModified":"2024-10-22T06:01:16+00:00","breadcrumb":{"@id":"https:\/\/sacpipe.se\/fi\/ota-yhteytta\/#breadcrumb"},"inLanguage":"fi","potentialAction":[{"@type":"ReadAction","target":["https:\/\/sacpipe.se\/fi\/ota-yhteytta\/"]}]},{"@type":"ImageObject","inLanguage":"fi","@id":"https:\/\/sacpipe.se\/fi\/ota-yhteytta\/#primaryimage","url":"https:\/\/sacpipe.se\/wp-content\/uploads\/2016\/03\/kontakt.jpg","contentUrl":"https:\/\/sacpipe.se\/wp-content\/uploads\/2016\/03\/kontakt.jpg","width":1864,"height":430,"caption":"kontakt Sacpipe"},{"@type":"BreadcrumbList","@id":"https:\/\/sacpipe.se\/fi\/ota-yhteytta\/#breadcrumb","itemListElement":[{"@type":"ListItem","position":1,"name":"Hem","item":"https:\/\/sacpipe.se\/fi\/"},{"@type":"ListItem","position":2,"name":"Yhteystiedot"}]},{"@type":"WebSite","@id":"https:\/\/sacpipe.se\/#website","url":"https:\/\/sacpipe.se\/","name":"Sacpipe","description":"Ett komplett system f\u00f6r relining","potentialAction":[{"@type":"SearchAction","target":{"@type":"EntryPoint","urlTemplate":"https:\/\/sacpipe.se\/?s={search_term_string}"},"query-input":{"@type":"PropertyValueSpecification","valueRequired":true,"valueName":"search_term_string"}}],"inLanguage":"fi"}]}},"_links":{"self":[{"href":"https:\/\/sacpipe.se\/fi\/wp-json\/wp\/v2\/pages\/1011","targetHints":{"allow":["GET"]}}],"collection":[{"href":"https:\/\/sacpipe.se\/fi\/wp-json\/wp\/v2\/pages"}],"about":[{"href":"https:\/\/sacpipe.se\/fi\/wp-json\/wp\/v2\/types\/page"}],"author":[{"embeddable":true,"href":"https:\/\/sacpipe.se\/fi\/wp-json\/wp\/v2\/users\/2"}],"replies":[{"embeddable":true,"href":"https:\/\/sacpipe.se\/fi\/wp-json\/wp\/v2\/comments?post=1011"}],"version-history":[{"count":3,"href":"https:\/\/sacpipe.se\/fi\/wp-json\/wp\/v2\/pages\/1011\/revisions"}],"predecessor-version":[{"id":3025,"href":"https:\/\/sacpipe.se\/fi\/wp-json\/wp\/v2\/pages\/1011\/revisions\/3025"}],"wp:featuredmedia":[{"embeddable":true,"href":"https:\/\/sacpipe.se\/fi\/wp-json\/wp\/v2\/media\/536"}],"wp:attachment":[{"href":"https:\/\/sacpipe.se\/fi\/wp-json\/wp\/v2\/media?parent=1011"}],"curies":[{"name":"wp","href":"https:\/\/api.w.org\/{rel}","templated":true}]}}