{"id":1008,"date":"2019-03-21T14:33:32","date_gmt":"2019-03-21T13:33:32","guid":{"rendered":"http:\/\/sacpipe.se\/?page_id=1008"},"modified":"2024-10-22T07:54:38","modified_gmt":"2024-10-22T05:54:38","slug":"mita-on-sukitus","status":"publish","type":"page","link":"https:\/\/sacpipe.se\/fi\/jarjestelmasta\/mita-on-sukitus\/","title":{"rendered":"Mit\u00e4 on sukitus?"},"content":{"rendered":"<h3><\/h3>\n<h3><strong>Karkeasti jaettuna kaksi tekniikkaa<\/strong><\/h3>\n<p><span style=\"color: #000000;\">Sukitus on kattotermi viem\u00e4rien sis\u00e4isen saneerauksen eri tavoille. On olemassa useita eri tekniikoita \/ metodeja viem\u00e4rien sis\u00e4puoliseen saneeraukseen. Tapoja yhdist\u00e4\u00e4 kuitenkin yleisesti pienempi vaikutus kiinteist\u00f6\u00f6n ja asukkaihin, sek\u00e4 saneerauksen kohtalaisen lyhyt kesto.<\/span><\/p>\n<p>Karkeasti jaettuna viem\u00e4rien saneerauksella sukittamalla tarkoitetaan kahta tapaa: joko joustavalla sukkamateriaalilla kuten Sacpipe Connection System -sukitusj\u00e4rjestelm\u00e4ss\u00e4, tai pinnoittamalla viem\u00e4rit l\u00e4mp\u00f6kovettuvalla muovilla.<em><br \/>\n<\/em><\/p>\n<ul>\n<li>K\u00e4ytett\u00e4ess\u00e4 joustavaa sukkamateriaalilla, viem\u00e4rin sis\u00e4lle luodaan uusi itsekantava putkisto. Sukka asennetaan putkeen ja kovetetaan paineilman avulla. Vanhaa putkea k\u00e4ytet\u00e4\u00e4n k\u00e4yt\u00e4nn\u00f6ss\u00e4 vain muottina uutta putkea varten. Kovettumisen j\u00e4lkeen uusi putki ei ole en\u00e4\u00e4 riippuvainen vanhasta putkesta.<\/li>\n<li>Pinnoittaessa k\u00e4ytet\u00e4\u00e4n joko ruiskutettavaa polyesterimuovia tai sivelt\u00e4v\u00e4\u00e4 epoksia, jotka kovettuvat putken sis\u00e4pintaan. N\u00e4in vanhojen putkien kest\u00e4vyytt\u00e4 parannetaan sis\u00e4puolisella pinnoituksella \/ kulutuspinnalla.<\/li>\n<\/ul>\n<p><span style=\"color: #000000;\">Kolme tekij\u00e4\u00e4 vaikuttavat hyv\u00e4n lopputuloksen saavuttamiseen: j\u00e4rjestelm\u00e4n valinta, k\u00e4ytetyt materiaalit ja asentajien osaaminen.<\/span><\/p>\n<h3><span style=\"color: #000000;\"><strong><span title=\"Some tips for you who are about to\u00a0renovate your pipes\u00a0with relining:\">Vinkkej\u00e4 viem\u00e4riputkien sukituttamista harkitsevalle:<\/span><\/strong><\/span><\/h3>\n<ul>\n<li><span title=\"G\u00f6r din heml\u00e4xan f\u00f6rst!\">Tutustu aiheeseen ensin itse! Lue artikkeleita eri metodeista ja materiaaleista. Pyyd\u00e4 referenssej\u00e4 ja n\u00e4ytteit\u00e4 oppiaksesi lis\u00e4\u00e4 ja voidaksesi verrata eri materiaaleja uusiin PP-putkiin.<\/span><\/li>\n<li>K\u00e4yt\u00e4 urakoitsijoita, joiden asentajat on koulutettuja k\u00e4ytettyihin j\u00e4rjestelmiin. Pyyd\u00e4 esitt\u00e4m\u00e4\u00e4n sertifikaatti asiaankuuluvasta koulutuksesta.<\/li>\n<li>Elementtivalmisteisia haarayhteit\u00e4 tulee k\u00e4ytt\u00e4\u00e4 aina. Huolehdi niiden sis\u00e4llytt\u00e4misest\u00e4 tarjoukseen.<\/li>\n<li>Asennukseen liittyv\u00e4 dokumentaatio ja huolto- ja k\u00e4ytt\u00f6ohjeet on aina luovutettava asiakkaalle. Voit palkata riippumattoman tarkastajan varmistamaan hyv\u00e4n lopputuloksen. Tarkastuksen tulee kattaa ainakin herkimm\u00e4t putken osat, kuten haarat ja mutkat.<\/li>\n<li>Tee mahdollisimman yksityiskohtainen esitutkimus projektille, jotta saisit koko projektin kattavan tarjouksen. N\u00e4in voit minimoida lis\u00e4t\u00f6iden ja ylim\u00e4\u00e4r\u00e4isten kustannusten m\u00e4\u00e4r\u00e4n.<\/li>\n<li>Mik\u00e4li joitain oleellisia tietoja puuttuu, kannattaa palkata riippumaton asiantuntija (riippumattomia myyji\u00e4 ei ole olemassa&#8230;).<\/li>\n<\/ul>\n","protected":false},"excerpt":{"rendered":"<p>Karkeasti jaettuna kaksi tekniikkaa Sukitus on kattotermi viem\u00e4rien sis\u00e4isen saneerauksen eri tavoille. On olemassa useita eri tekniikoita \/ metodeja viem\u00e4rien sis\u00e4puoliseen saneeraukseen. Tapoja yhdist\u00e4\u00e4 kuitenkin yleisesti pienempi vaikutus kiinteist\u00f6\u00f6n ja asukkaihin, sek\u00e4 saneerauksen kohtalaisen lyhyt kesto. Karkeasti jaettuna viem\u00e4rien saneerauksella sukittamalla tarkoitetaan kahta tapaa: joko joustavalla sukkamateriaalilla kuten Sacpipe Connection System -sukitusj\u00e4rjestelm\u00e4ss\u00e4, tai pinnoittamalla viem\u00e4rit [&hellip;]<\/p>\n","protected":false},"author":2,"featured_media":533,"parent":914,"menu_order":0,"comment_status":"closed","ping_status":"closed","template":"template-twocols.php","meta":{"_acf_changed":false,"footnotes":""},"class_list":["post-1008","page","type-page","status-publish","has-post-thumbnail","hentry"],"acf":[],"yoast_head":"<!-- This site is optimized with the Yoast SEO plugin v27.2 - https:\/\/yoast.com\/product\/yoast-seo-wordpress\/ -->\n<title>Mit\u00e4 on sukitus? - Sacpipe<\/title>\n<meta name=\"description\" content=\"Sukituksella tarkoitetaan viem\u00e4rien saneerausta sis\u00e4lt\u00e4p\u00e4in. Menetelm\u00e4n etuja ovat kustannustehokkuus ja nopeus.\" \/>\n<meta name=\"robots\" content=\"index, follow, max-snippet:-1, max-image-preview:large, max-video-preview:-1\" \/>\n<link rel=\"canonical\" href=\"https:\/\/sacpipe.se\/fi\/jarjestelmasta\/mita-on-sukitus\/\" \/>\n<meta property=\"og:locale\" content=\"fi_FI\" \/>\n<meta property=\"og:type\" content=\"article\" \/>\n<meta property=\"og:title\" content=\"Mit\u00e4 on sukitus? - Sacpipe\" \/>\n<meta property=\"og:description\" content=\"Sukituksella tarkoitetaan viem\u00e4rien saneerausta sis\u00e4lt\u00e4p\u00e4in. Menetelm\u00e4n etuja ovat kustannustehokkuus ja nopeus.\" \/>\n<meta property=\"og:url\" content=\"https:\/\/sacpipe.se\/fi\/jarjestelmasta\/mita-on-sukitus\/\" \/>\n<meta property=\"og:site_name\" content=\"Sacpipe\" \/>\n<meta property=\"article:modified_time\" content=\"2024-10-22T05:54:38+00:00\" \/>\n<meta property=\"og:image\" content=\"https:\/\/sacpipe.se\/wp-content\/uploads\/2016\/06\/hyres3.jpg\" \/>\n\t<meta property=\"og:image:width\" content=\"1864\" \/>\n\t<meta property=\"og:image:height\" content=\"430\" \/>\n\t<meta property=\"og:image:type\" content=\"image\/jpeg\" \/>\n<meta name=\"twitter:card\" content=\"summary_large_image\" \/>\n<meta name=\"twitter:label1\" content=\"Arvioitu lukuaika\" \/>\n\t<meta name=\"twitter:data1\" content=\"2 minuuttia\" \/>\n<script type=\"application\/ld+json\" class=\"yoast-schema-graph\">{\"@context\":\"https:\/\/schema.org\",\"@graph\":[{\"@type\":\"WebPage\",\"@id\":\"https:\/\/sacpipe.se\/fi\/jarjestelmasta\/mita-on-sukitus\/\",\"url\":\"https:\/\/sacpipe.se\/fi\/jarjestelmasta\/mita-on-sukitus\/\",\"name\":\"Mit\u00e4 on sukitus? - Sacpipe\",\"isPartOf\":{\"@id\":\"https:\/\/sacpipe.se\/#website\"},\"primaryImageOfPage\":{\"@id\":\"https:\/\/sacpipe.se\/fi\/jarjestelmasta\/mita-on-sukitus\/#primaryimage\"},\"image\":{\"@id\":\"https:\/\/sacpipe.se\/fi\/jarjestelmasta\/mita-on-sukitus\/#primaryimage\"},\"thumbnailUrl\":\"https:\/\/sacpipe.se\/wp-content\/uploads\/2016\/06\/hyres3.jpg\",\"datePublished\":\"2019-03-21T13:33:32+00:00\",\"dateModified\":\"2024-10-22T05:54:38+00:00\",\"description\":\"Sukituksella tarkoitetaan viem\u00e4rien saneerausta sis\u00e4lt\u00e4p\u00e4in. Menetelm\u00e4n etuja ovat kustannustehokkuus ja nopeus.\",\"breadcrumb\":{\"@id\":\"https:\/\/sacpipe.se\/fi\/jarjestelmasta\/mita-on-sukitus\/#breadcrumb\"},\"inLanguage\":\"fi\",\"potentialAction\":[{\"@type\":\"ReadAction\",\"target\":[\"https:\/\/sacpipe.se\/fi\/jarjestelmasta\/mita-on-sukitus\/\"]}]},{\"@type\":\"ImageObject\",\"inLanguage\":\"fi\",\"@id\":\"https:\/\/sacpipe.se\/fi\/jarjestelmasta\/mita-on-sukitus\/#primaryimage\",\"url\":\"https:\/\/sacpipe.se\/wp-content\/uploads\/2016\/06\/hyres3.jpg\",\"contentUrl\":\"https:\/\/sacpipe.se\/wp-content\/uploads\/2016\/06\/hyres3.jpg\",\"width\":1864,\"height\":430,\"caption\":\"Relining hyreshus Sacpipe\"},{\"@type\":\"BreadcrumbList\",\"@id\":\"https:\/\/sacpipe.se\/fi\/jarjestelmasta\/mita-on-sukitus\/#breadcrumb\",\"itemListElement\":[{\"@type\":\"ListItem\",\"position\":1,\"name\":\"Hem\",\"item\":\"https:\/\/sacpipe.se\/fi\/\"},{\"@type\":\"ListItem\",\"position\":2,\"name\":\"Sacpipe Connection System -sukitusj\u00e4rjestelm\u00e4\",\"item\":\"https:\/\/sacpipe.se\/fi\/jarjestelmasta\/\"},{\"@type\":\"ListItem\",\"position\":3,\"name\":\"Mit\u00e4 on sukitus?\"}]},{\"@type\":\"WebSite\",\"@id\":\"https:\/\/sacpipe.se\/#website\",\"url\":\"https:\/\/sacpipe.se\/\",\"name\":\"Sacpipe\",\"description\":\"Ett komplett system f\u00f6r relining\",\"potentialAction\":[{\"@type\":\"SearchAction\",\"target\":{\"@type\":\"EntryPoint\",\"urlTemplate\":\"https:\/\/sacpipe.se\/?s={search_term_string}\"},\"query-input\":{\"@type\":\"PropertyValueSpecification\",\"valueRequired\":true,\"valueName\":\"search_term_string\"}}],\"inLanguage\":\"fi\"}]}<\/script>\n<!-- \/ Yoast SEO plugin. -->","yoast_head_json":{"title":"Mit\u00e4 on sukitus? - Sacpipe","description":"Sukituksella tarkoitetaan viem\u00e4rien saneerausta sis\u00e4lt\u00e4p\u00e4in. Menetelm\u00e4n etuja ovat kustannustehokkuus ja nopeus.","robots":{"index":"index","follow":"follow","max-snippet":"max-snippet:-1","max-image-preview":"max-image-preview:large","max-video-preview":"max-video-preview:-1"},"canonical":"https:\/\/sacpipe.se\/fi\/jarjestelmasta\/mita-on-sukitus\/","og_locale":"fi_FI","og_type":"article","og_title":"Mit\u00e4 on sukitus? - Sacpipe","og_description":"Sukituksella tarkoitetaan viem\u00e4rien saneerausta sis\u00e4lt\u00e4p\u00e4in. Menetelm\u00e4n etuja ovat kustannustehokkuus ja nopeus.","og_url":"https:\/\/sacpipe.se\/fi\/jarjestelmasta\/mita-on-sukitus\/","og_site_name":"Sacpipe","article_modified_time":"2024-10-22T05:54:38+00:00","og_image":[{"width":1864,"height":430,"url":"https:\/\/sacpipe.se\/wp-content\/uploads\/2016\/06\/hyres3.jpg","type":"image\/jpeg"}],"twitter_card":"summary_large_image","twitter_misc":{"Arvioitu lukuaika":"2 minuuttia"},"schema":{"@context":"https:\/\/schema.org","@graph":[{"@type":"WebPage","@id":"https:\/\/sacpipe.se\/fi\/jarjestelmasta\/mita-on-sukitus\/","url":"https:\/\/sacpipe.se\/fi\/jarjestelmasta\/mita-on-sukitus\/","name":"Mit\u00e4 on sukitus? - Sacpipe","isPartOf":{"@id":"https:\/\/sacpipe.se\/#website"},"primaryImageOfPage":{"@id":"https:\/\/sacpipe.se\/fi\/jarjestelmasta\/mita-on-sukitus\/#primaryimage"},"image":{"@id":"https:\/\/sacpipe.se\/fi\/jarjestelmasta\/mita-on-sukitus\/#primaryimage"},"thumbnailUrl":"https:\/\/sacpipe.se\/wp-content\/uploads\/2016\/06\/hyres3.jpg","datePublished":"2019-03-21T13:33:32+00:00","dateModified":"2024-10-22T05:54:38+00:00","description":"Sukituksella tarkoitetaan viem\u00e4rien saneerausta sis\u00e4lt\u00e4p\u00e4in. Menetelm\u00e4n etuja ovat kustannustehokkuus ja nopeus.","breadcrumb":{"@id":"https:\/\/sacpipe.se\/fi\/jarjestelmasta\/mita-on-sukitus\/#breadcrumb"},"inLanguage":"fi","potentialAction":[{"@type":"ReadAction","target":["https:\/\/sacpipe.se\/fi\/jarjestelmasta\/mita-on-sukitus\/"]}]},{"@type":"ImageObject","inLanguage":"fi","@id":"https:\/\/sacpipe.se\/fi\/jarjestelmasta\/mita-on-sukitus\/#primaryimage","url":"https:\/\/sacpipe.se\/wp-content\/uploads\/2016\/06\/hyres3.jpg","contentUrl":"https:\/\/sacpipe.se\/wp-content\/uploads\/2016\/06\/hyres3.jpg","width":1864,"height":430,"caption":"Relining hyreshus Sacpipe"},{"@type":"BreadcrumbList","@id":"https:\/\/sacpipe.se\/fi\/jarjestelmasta\/mita-on-sukitus\/#breadcrumb","itemListElement":[{"@type":"ListItem","position":1,"name":"Hem","item":"https:\/\/sacpipe.se\/fi\/"},{"@type":"ListItem","position":2,"name":"Sacpipe Connection System -sukitusj\u00e4rjestelm\u00e4","item":"https:\/\/sacpipe.se\/fi\/jarjestelmasta\/"},{"@type":"ListItem","position":3,"name":"Mit\u00e4 on sukitus?"}]},{"@type":"WebSite","@id":"https:\/\/sacpipe.se\/#website","url":"https:\/\/sacpipe.se\/","name":"Sacpipe","description":"Ett komplett system f\u00f6r relining","potentialAction":[{"@type":"SearchAction","target":{"@type":"EntryPoint","urlTemplate":"https:\/\/sacpipe.se\/?s={search_term_string}"},"query-input":{"@type":"PropertyValueSpecification","valueRequired":true,"valueName":"search_term_string"}}],"inLanguage":"fi"}]}},"_links":{"self":[{"href":"https:\/\/sacpipe.se\/fi\/wp-json\/wp\/v2\/pages\/1008","targetHints":{"allow":["GET"]}}],"collection":[{"href":"https:\/\/sacpipe.se\/fi\/wp-json\/wp\/v2\/pages"}],"about":[{"href":"https:\/\/sacpipe.se\/fi\/wp-json\/wp\/v2\/types\/page"}],"author":[{"embeddable":true,"href":"https:\/\/sacpipe.se\/fi\/wp-json\/wp\/v2\/users\/2"}],"replies":[{"embeddable":true,"href":"https:\/\/sacpipe.se\/fi\/wp-json\/wp\/v2\/comments?post=1008"}],"version-history":[{"count":2,"href":"https:\/\/sacpipe.se\/fi\/wp-json\/wp\/v2\/pages\/1008\/revisions"}],"predecessor-version":[{"id":3023,"href":"https:\/\/sacpipe.se\/fi\/wp-json\/wp\/v2\/pages\/1008\/revisions\/3023"}],"up":[{"embeddable":true,"href":"https:\/\/sacpipe.se\/fi\/wp-json\/wp\/v2\/pages\/914"}],"wp:featuredmedia":[{"embeddable":true,"href":"https:\/\/sacpipe.se\/fi\/wp-json\/wp\/v2\/media\/533"}],"wp:attachment":[{"href":"https:\/\/sacpipe.se\/fi\/wp-json\/wp\/v2\/media?parent=1008"}],"curies":[{"name":"wp","href":"https:\/\/api.w.org\/{rel}","templated":true}]}}