{"id":1005,"date":"2019-03-21T11:40:08","date_gmt":"2019-03-21T10:40:08","guid":{"rendered":"http:\/\/sacpipe.se\/?page_id=1005"},"modified":"2019-09-16T15:23:28","modified_gmt":"2019-09-16T13:23:28","slug":"sacpipe-connection-system-sukitusjarjestelman-historia","status":"publish","type":"page","link":"https:\/\/sacpipe.se\/fi\/jarjestelmasta\/sacpipe-connection-system-sukitusjarjestelman-historia\/","title":{"rendered":"Sacpipe Connection System -sukitusj\u00e4rjestelm\u00e4n historia"},"content":{"rendered":"<h3><strong>Kaikki alkoi kiinteist\u00f6jen sis\u00e4isten putkien sukittamisesta. Sacpro oli yksi ensimm\u00e4isist\u00e4 alan toimijoista. Vuosien kokemus, vuosien kehitysty\u00f6.<\/strong><\/h3>\n<p>Yritys Sacpipe Connection System -sukitusj\u00e4rjestelm\u00e4n takana on Ruotsalainen Sacpro AB. Sacpro AB on Ruotsin johtava kiinteist\u00f6jen sis\u00e4puolisten sukitusten materiaali- ja ty\u00f6kalutoimittaja. Yrityksen perusti Jan-Erik Svedlund vuonna 1988, ja h\u00e4n on viel\u00e4 t\u00e4n\u00e4 p\u00e4iv\u00e4n\u00e4 yrityksen hallituksen j\u00e4sen ja yrityksen p\u00e4\u00e4omistaja. Sacprolla on miltei 30 vuoden kokemus kiinteist\u00f6jen sis\u00e4puolisista sukituksista. Alkuvaiheessa Sacpro toimi sukitusurakoitsijana ymp\u00e4ri Ruotsia. Kiinteist\u00f6jen sis\u00e4puolisten sukitusten ollessa hyvin uusi ala, oli Sacpron itse kehitett\u00e4v\u00e4 ja tuotettava tarvittavat materiaalit ja ty\u00f6kalut voidakseen toimia tehokkaammin, helpommin ja turvallisemmin. Vuodesta 2005 l\u00e4htien Sacpro on toiminut ainoastaan tuottajana ja toimittajana ulkopuolisille urakoitsijoille, toimimatta itse urakoitsijana. Toisin sanoen, Sacpipe Connection System -sukitusj\u00e4rjestelm\u00e4n perustana on vuosien kehitysty\u00f6 ja kokemus alalta.<\/p>\n<p><img loading=\"lazy\" decoding=\"async\" class=\"alignnone size-full wp-image-586\" src=\"http:\/\/sacpipe.se\/wp-content\/uploads\/2016\/06\/Brawolinerlogo2013.png\" alt=\"Brawoliner_logo-2013\" width=\"398\" height=\"171\" srcset=\"https:\/\/sacpipe.se\/wp-content\/uploads\/2016\/06\/Brawolinerlogo2013.png 398w, https:\/\/sacpipe.se\/wp-content\/uploads\/2016\/06\/Brawolinerlogo2013-300x129.png 300w\" sizes=\"auto, (max-width: 398px) 100vw, 398px\" \/><\/p>\n<h3><strong>Kumppanuus Brawolinerin kanssa <\/strong><\/h3>\n<p>Sacpipe Connection System -sukitusj\u00e4rjestelm\u00e4ss\u00e4 k\u00e4ytetty sukkamateriaali on Saksalainen Brwoliner, joka on sukkamateriaalien ja epoksien tuottajana Euroopan markkinajohtaja. Mielest\u00e4mme se on paras markkinoilla oleva materiaali ja t\u00e4st\u00e4 syyst\u00e4 valitsimme sen Sacpipe Connection System -sukitusj\u00e4rjestelm\u00e4mme pohjaksi. Olemme vuodesta 2008 l\u00e4htien ty\u00f6skennelleet tiiviisti yhdess\u00e4 Brawolinerin kanssa sukkamateriaalien kehitys- ja testausty\u00f6ss\u00e4, jotta materiaalien laatu kohtaisi sek\u00e4 meid\u00e4n, ett\u00e4 asiakkaidemme vaatimukset.<\/p>\n<p>&nbsp;<\/p>\n<p>&nbsp;<\/p>\n","protected":false},"excerpt":{"rendered":"<p>Kaikki alkoi kiinteist\u00f6jen sis\u00e4isten putkien sukittamisesta. Sacpro oli yksi ensimm\u00e4isist\u00e4 alan toimijoista. Vuosien kokemus, vuosien kehitysty\u00f6. Yritys Sacpipe Connection System -sukitusj\u00e4rjestelm\u00e4n takana on Ruotsalainen Sacpro AB. Sacpro AB on Ruotsin johtava kiinteist\u00f6jen sis\u00e4puolisten sukitusten materiaali- ja ty\u00f6kalutoimittaja. Yrityksen perusti Jan-Erik Svedlund vuonna 1988, ja h\u00e4n on viel\u00e4 t\u00e4n\u00e4 p\u00e4iv\u00e4n\u00e4 yrityksen hallituksen j\u00e4sen ja yrityksen p\u00e4\u00e4omistaja. [&hellip;]<\/p>\n","protected":false},"author":2,"featured_media":532,"parent":914,"menu_order":0,"comment_status":"closed","ping_status":"closed","template":"template-twocols.php","meta":{"_acf_changed":false,"footnotes":""},"class_list":["post-1005","page","type-page","status-publish","has-post-thumbnail","hentry"],"acf":[],"yoast_head":"<!-- This site is optimized with the Yoast SEO plugin v27.2 - https:\/\/yoast.com\/product\/yoast-seo-wordpress\/ -->\n<title>Sacpipe Connection System -sukitusj\u00e4rjestelm\u00e4n historia - Sacpipe<\/title>\n<meta name=\"robots\" content=\"index, follow, max-snippet:-1, max-image-preview:large, max-video-preview:-1\" \/>\n<link rel=\"canonical\" href=\"https:\/\/sacpipe.se\/fi\/jarjestelmasta\/sacpipe-connection-system-sukitusjarjestelman-historia\/\" \/>\n<meta property=\"og:locale\" content=\"fi_FI\" \/>\n<meta property=\"og:type\" content=\"article\" \/>\n<meta property=\"og:title\" content=\"Sacpipe Connection System -sukitusj\u00e4rjestelm\u00e4n historia - Sacpipe\" \/>\n<meta property=\"og:description\" content=\"Kaikki alkoi kiinteist\u00f6jen sis\u00e4isten putkien sukittamisesta. Sacpro oli yksi ensimm\u00e4isist\u00e4 alan toimijoista. Vuosien kokemus, vuosien kehitysty\u00f6. Yritys Sacpipe Connection System -sukitusj\u00e4rjestelm\u00e4n takana on Ruotsalainen Sacpro AB. Sacpro AB on Ruotsin johtava kiinteist\u00f6jen sis\u00e4puolisten sukitusten materiaali- ja ty\u00f6kalutoimittaja. Yrityksen perusti Jan-Erik Svedlund vuonna 1988, ja h\u00e4n on viel\u00e4 t\u00e4n\u00e4 p\u00e4iv\u00e4n\u00e4 yrityksen hallituksen j\u00e4sen ja yrityksen p\u00e4\u00e4omistaja. [&hellip;]\" \/>\n<meta property=\"og:url\" content=\"https:\/\/sacpipe.se\/fi\/jarjestelmasta\/sacpipe-connection-system-sukitusjarjestelman-historia\/\" \/>\n<meta property=\"og:site_name\" content=\"Sacpipe\" \/>\n<meta property=\"article:modified_time\" content=\"2019-09-16T13:23:28+00:00\" \/>\n<meta property=\"og:image\" content=\"https:\/\/sacpipe.se\/wp-content\/uploads\/2016\/06\/hoppbackar.jpg\" \/>\n\t<meta property=\"og:image:width\" content=\"1864\" \/>\n\t<meta property=\"og:image:height\" content=\"430\" \/>\n\t<meta property=\"og:image:type\" content=\"image\/jpeg\" \/>\n<meta name=\"twitter:card\" content=\"summary_large_image\" \/>\n<meta name=\"twitter:label1\" content=\"Arvioitu lukuaika\" \/>\n\t<meta name=\"twitter:data1\" content=\"1 minuutti\" \/>\n<script type=\"application\/ld+json\" class=\"yoast-schema-graph\">{\"@context\":\"https:\/\/schema.org\",\"@graph\":[{\"@type\":\"WebPage\",\"@id\":\"https:\/\/sacpipe.se\/fi\/jarjestelmasta\/sacpipe-connection-system-sukitusjarjestelman-historia\/\",\"url\":\"https:\/\/sacpipe.se\/fi\/jarjestelmasta\/sacpipe-connection-system-sukitusjarjestelman-historia\/\",\"name\":\"Sacpipe Connection System -sukitusj\u00e4rjestelm\u00e4n historia - Sacpipe\",\"isPartOf\":{\"@id\":\"https:\/\/sacpipe.se\/#website\"},\"primaryImageOfPage\":{\"@id\":\"https:\/\/sacpipe.se\/fi\/jarjestelmasta\/sacpipe-connection-system-sukitusjarjestelman-historia\/#primaryimage\"},\"image\":{\"@id\":\"https:\/\/sacpipe.se\/fi\/jarjestelmasta\/sacpipe-connection-system-sukitusjarjestelman-historia\/#primaryimage\"},\"thumbnailUrl\":\"https:\/\/sacpipe.se\/wp-content\/uploads\/2016\/06\/hoppbackar.jpg\",\"datePublished\":\"2019-03-21T10:40:08+00:00\",\"dateModified\":\"2019-09-16T13:23:28+00:00\",\"breadcrumb\":{\"@id\":\"https:\/\/sacpipe.se\/fi\/jarjestelmasta\/sacpipe-connection-system-sukitusjarjestelman-historia\/#breadcrumb\"},\"inLanguage\":\"fi\",\"potentialAction\":[{\"@type\":\"ReadAction\",\"target\":[\"https:\/\/sacpipe.se\/fi\/jarjestelmasta\/sacpipe-connection-system-sukitusjarjestelman-historia\/\"]}]},{\"@type\":\"ImageObject\",\"inLanguage\":\"fi\",\"@id\":\"https:\/\/sacpipe.se\/fi\/jarjestelmasta\/sacpipe-connection-system-sukitusjarjestelman-historia\/#primaryimage\",\"url\":\"https:\/\/sacpipe.se\/wp-content\/uploads\/2016\/06\/hoppbackar.jpg\",\"contentUrl\":\"https:\/\/sacpipe.se\/wp-content\/uploads\/2016\/06\/hoppbackar.jpg\",\"width\":1864,\"height\":430,\"caption\":\"historien om Sacpipe Falun\"},{\"@type\":\"BreadcrumbList\",\"@id\":\"https:\/\/sacpipe.se\/fi\/jarjestelmasta\/sacpipe-connection-system-sukitusjarjestelman-historia\/#breadcrumb\",\"itemListElement\":[{\"@type\":\"ListItem\",\"position\":1,\"name\":\"Hem\",\"item\":\"https:\/\/sacpipe.se\/fi\/\"},{\"@type\":\"ListItem\",\"position\":2,\"name\":\"Sacpipe Connection System -sukitusj\u00e4rjestelm\u00e4\",\"item\":\"https:\/\/sacpipe.se\/fi\/jarjestelmasta\/\"},{\"@type\":\"ListItem\",\"position\":3,\"name\":\"Sacpipe Connection System -sukitusj\u00e4rjestelm\u00e4n historia\"}]},{\"@type\":\"WebSite\",\"@id\":\"https:\/\/sacpipe.se\/#website\",\"url\":\"https:\/\/sacpipe.se\/\",\"name\":\"Sacpipe\",\"description\":\"Ett komplett system f\u00f6r relining\",\"potentialAction\":[{\"@type\":\"SearchAction\",\"target\":{\"@type\":\"EntryPoint\",\"urlTemplate\":\"https:\/\/sacpipe.se\/?s={search_term_string}\"},\"query-input\":{\"@type\":\"PropertyValueSpecification\",\"valueRequired\":true,\"valueName\":\"search_term_string\"}}],\"inLanguage\":\"fi\"}]}<\/script>\n<!-- \/ Yoast SEO plugin. -->","yoast_head_json":{"title":"Sacpipe Connection System -sukitusj\u00e4rjestelm\u00e4n historia - Sacpipe","robots":{"index":"index","follow":"follow","max-snippet":"max-snippet:-1","max-image-preview":"max-image-preview:large","max-video-preview":"max-video-preview:-1"},"canonical":"https:\/\/sacpipe.se\/fi\/jarjestelmasta\/sacpipe-connection-system-sukitusjarjestelman-historia\/","og_locale":"fi_FI","og_type":"article","og_title":"Sacpipe Connection System -sukitusj\u00e4rjestelm\u00e4n historia - Sacpipe","og_description":"Kaikki alkoi kiinteist\u00f6jen sis\u00e4isten putkien sukittamisesta. Sacpro oli yksi ensimm\u00e4isist\u00e4 alan toimijoista. Vuosien kokemus, vuosien kehitysty\u00f6. Yritys Sacpipe Connection System -sukitusj\u00e4rjestelm\u00e4n takana on Ruotsalainen Sacpro AB. Sacpro AB on Ruotsin johtava kiinteist\u00f6jen sis\u00e4puolisten sukitusten materiaali- ja ty\u00f6kalutoimittaja. Yrityksen perusti Jan-Erik Svedlund vuonna 1988, ja h\u00e4n on viel\u00e4 t\u00e4n\u00e4 p\u00e4iv\u00e4n\u00e4 yrityksen hallituksen j\u00e4sen ja yrityksen p\u00e4\u00e4omistaja. [&hellip;]","og_url":"https:\/\/sacpipe.se\/fi\/jarjestelmasta\/sacpipe-connection-system-sukitusjarjestelman-historia\/","og_site_name":"Sacpipe","article_modified_time":"2019-09-16T13:23:28+00:00","og_image":[{"width":1864,"height":430,"url":"https:\/\/sacpipe.se\/wp-content\/uploads\/2016\/06\/hoppbackar.jpg","type":"image\/jpeg"}],"twitter_card":"summary_large_image","twitter_misc":{"Arvioitu lukuaika":"1 minuutti"},"schema":{"@context":"https:\/\/schema.org","@graph":[{"@type":"WebPage","@id":"https:\/\/sacpipe.se\/fi\/jarjestelmasta\/sacpipe-connection-system-sukitusjarjestelman-historia\/","url":"https:\/\/sacpipe.se\/fi\/jarjestelmasta\/sacpipe-connection-system-sukitusjarjestelman-historia\/","name":"Sacpipe Connection System -sukitusj\u00e4rjestelm\u00e4n historia - Sacpipe","isPartOf":{"@id":"https:\/\/sacpipe.se\/#website"},"primaryImageOfPage":{"@id":"https:\/\/sacpipe.se\/fi\/jarjestelmasta\/sacpipe-connection-system-sukitusjarjestelman-historia\/#primaryimage"},"image":{"@id":"https:\/\/sacpipe.se\/fi\/jarjestelmasta\/sacpipe-connection-system-sukitusjarjestelman-historia\/#primaryimage"},"thumbnailUrl":"https:\/\/sacpipe.se\/wp-content\/uploads\/2016\/06\/hoppbackar.jpg","datePublished":"2019-03-21T10:40:08+00:00","dateModified":"2019-09-16T13:23:28+00:00","breadcrumb":{"@id":"https:\/\/sacpipe.se\/fi\/jarjestelmasta\/sacpipe-connection-system-sukitusjarjestelman-historia\/#breadcrumb"},"inLanguage":"fi","potentialAction":[{"@type":"ReadAction","target":["https:\/\/sacpipe.se\/fi\/jarjestelmasta\/sacpipe-connection-system-sukitusjarjestelman-historia\/"]}]},{"@type":"ImageObject","inLanguage":"fi","@id":"https:\/\/sacpipe.se\/fi\/jarjestelmasta\/sacpipe-connection-system-sukitusjarjestelman-historia\/#primaryimage","url":"https:\/\/sacpipe.se\/wp-content\/uploads\/2016\/06\/hoppbackar.jpg","contentUrl":"https:\/\/sacpipe.se\/wp-content\/uploads\/2016\/06\/hoppbackar.jpg","width":1864,"height":430,"caption":"historien om Sacpipe Falun"},{"@type":"BreadcrumbList","@id":"https:\/\/sacpipe.se\/fi\/jarjestelmasta\/sacpipe-connection-system-sukitusjarjestelman-historia\/#breadcrumb","itemListElement":[{"@type":"ListItem","position":1,"name":"Hem","item":"https:\/\/sacpipe.se\/fi\/"},{"@type":"ListItem","position":2,"name":"Sacpipe Connection System -sukitusj\u00e4rjestelm\u00e4","item":"https:\/\/sacpipe.se\/fi\/jarjestelmasta\/"},{"@type":"ListItem","position":3,"name":"Sacpipe Connection System -sukitusj\u00e4rjestelm\u00e4n historia"}]},{"@type":"WebSite","@id":"https:\/\/sacpipe.se\/#website","url":"https:\/\/sacpipe.se\/","name":"Sacpipe","description":"Ett komplett system f\u00f6r relining","potentialAction":[{"@type":"SearchAction","target":{"@type":"EntryPoint","urlTemplate":"https:\/\/sacpipe.se\/?s={search_term_string}"},"query-input":{"@type":"PropertyValueSpecification","valueRequired":true,"valueName":"search_term_string"}}],"inLanguage":"fi"}]}},"_links":{"self":[{"href":"https:\/\/sacpipe.se\/fi\/wp-json\/wp\/v2\/pages\/1005","targetHints":{"allow":["GET"]}}],"collection":[{"href":"https:\/\/sacpipe.se\/fi\/wp-json\/wp\/v2\/pages"}],"about":[{"href":"https:\/\/sacpipe.se\/fi\/wp-json\/wp\/v2\/types\/page"}],"author":[{"embeddable":true,"href":"https:\/\/sacpipe.se\/fi\/wp-json\/wp\/v2\/users\/2"}],"replies":[{"embeddable":true,"href":"https:\/\/sacpipe.se\/fi\/wp-json\/wp\/v2\/comments?post=1005"}],"version-history":[{"count":2,"href":"https:\/\/sacpipe.se\/fi\/wp-json\/wp\/v2\/pages\/1005\/revisions"}],"predecessor-version":[{"id":1566,"href":"https:\/\/sacpipe.se\/fi\/wp-json\/wp\/v2\/pages\/1005\/revisions\/1566"}],"up":[{"embeddable":true,"href":"https:\/\/sacpipe.se\/fi\/wp-json\/wp\/v2\/pages\/914"}],"wp:featuredmedia":[{"embeddable":true,"href":"https:\/\/sacpipe.se\/fi\/wp-json\/wp\/v2\/media\/532"}],"wp:attachment":[{"href":"https:\/\/sacpipe.se\/fi\/wp-json\/wp\/v2\/media?parent=1005"}],"curies":[{"name":"wp","href":"https:\/\/api.w.org\/{rel}","templated":true}]}}