{"id":1002,"date":"2019-03-20T13:56:13","date_gmt":"2019-03-20T12:56:13","guid":{"rendered":"http:\/\/sacpipe.se\/?page_id=1002"},"modified":"2024-10-22T08:19:44","modified_gmt":"2024-10-22T06:19:44","slug":"laatu-ja-ymparistoystavallisyys","status":"publish","type":"page","link":"https:\/\/sacpipe.se\/fi\/jarjestelmasta\/laatu-ja-ymparistoystavallisyys\/","title":{"rendered":"Laatu ja ymp\u00e4rist\u00f6yst\u00e4v\u00e4llisyys"},"content":{"rendered":"<h2><strong>Korkea vaatimustaso tuottaa korkeaa laatua<\/strong><\/h2>\n<p>Korkealaatuinen lopputulos on t\u00e4rke\u00e4\u00e4 sek\u00e4 valtuutetuille asentajillemme, ett\u00e4 ty\u00f6n tilaajalle. T\u00e4st\u00e4 syyst\u00e4 ty\u00f6skentelemme korkealaatuisten materiaalien ja osien kanssa. Sacpipe Connection System -sukitusj\u00e4rjestelm\u00e4ss\u00e4mme k\u00e4ytet\u00e4\u00e4n materiaaleja, jotka t\u00e4ytt\u00e4v\u00e4t korkeat laatuvaatimukset. K\u00e4yt\u00e4mme Brawolinerin sukkamateriaaleja ja epoksia.<\/p>\n<p>Brawoliner on Euroopan johtava sukka- ja epoksimateriaalivalmistaja ja mielest\u00e4mme markkinoiden paras. Brawolinerin sukkamateriaali on eritt\u00e4in joustavaa ja toimii erinomaisesti sek\u00e4 mutkissa, ett\u00e4 koonmuutoksissa. Jokainen tuotettu materiaalier\u00e4 tarkastetaan ennen toimittamista. Jatkuva laaduntarkkailu tuotannon aikana, sek\u00e4 ennen ett\u00e4 sen j\u00e4lkeen varmistavat yhdess\u00e4 laajan dokumentoinnin kanssa jatkuvan korkean laadun. Valmistetut tuotteet merkit\u00e4\u00e4n er\u00e4numerolla, jotta kaikkien asennettujen tuotteiden testitulokset voidaan todentaa viel\u00e4 vuosienkin j\u00e4lkeen.<\/p>\n<h2><strong>J\u00e4tteiden minimointi ja luonnonvarojen kulutuksen v\u00e4hent\u00e4minen<\/strong><\/h2>\n<p>Perinteisest\u00e4 viem\u00e4rien saneerauksesta poiketen, viem\u00e4reiden sukittaminen voidaan suorittaa ilman turhaa lattioiden ja seinien piikkaus- ja purkut\u00f6it\u00e4. T\u00e4m\u00e4 pienent\u00e4\u00e4 merkitt\u00e4v\u00e4sti j\u00e4tteiden m\u00e4\u00e4r\u00e4\u00e4 ja minimoi luonnonvarojen kuluttamisen ja n\u00e4in pienent\u00e4\u00e4 saneerauksen ymp\u00e4rist\u00f6vaikutuksia. Sukittaminen on erinomainen tapa saneerata ymp\u00e4rist\u00f6\u00e4 s\u00e4\u00e4st\u00e4v\u00e4ss\u00e4 yhteiskunnassa. Materiaalien ja j\u00e4tteiden hallinta ovat t\u00e4rkeit\u00e4 osia j\u00e4rjestelm\u00e4mme sertifioitujen asentajien koulutuksessa.<\/p>\n","protected":false},"excerpt":{"rendered":"<p>Korkea vaatimustaso tuottaa korkeaa laatua Korkealaatuinen lopputulos on t\u00e4rke\u00e4\u00e4 sek\u00e4 valtuutetuille asentajillemme, ett\u00e4 ty\u00f6n tilaajalle. T\u00e4st\u00e4 syyst\u00e4 ty\u00f6skentelemme korkealaatuisten materiaalien ja osien kanssa. Sacpipe Connection System -sukitusj\u00e4rjestelm\u00e4ss\u00e4mme k\u00e4ytet\u00e4\u00e4n materiaaleja, jotka t\u00e4ytt\u00e4v\u00e4t korkeat laatuvaatimukset. K\u00e4yt\u00e4mme Brawolinerin sukkamateriaaleja ja epoksia. Brawoliner on Euroopan johtava sukka- ja epoksimateriaalivalmistaja ja mielest\u00e4mme markkinoiden paras. Brawolinerin sukkamateriaali on eritt\u00e4in joustavaa ja [&hellip;]<\/p>\n","protected":false},"author":2,"featured_media":468,"parent":914,"menu_order":0,"comment_status":"closed","ping_status":"closed","template":"template-twocols.php","meta":{"_acf_changed":false,"footnotes":""},"class_list":["post-1002","page","type-page","status-publish","has-post-thumbnail","hentry"],"acf":[],"yoast_head":"<!-- This site is optimized with the Yoast SEO plugin v27.2 - https:\/\/yoast.com\/product\/yoast-seo-wordpress\/ -->\n<title>Laatu ja ymp\u00e4rist\u00f6yst\u00e4v\u00e4llisyys - Sacpipe<\/title>\n<meta name=\"description\" content=\"Sacpipe Connection System -sukitusj\u00e4rjestelm\u00e4ss\u00e4mme k\u00e4ytet\u00e4\u00e4n materiaaleja, jotka t\u00e4ytt\u00e4v\u00e4t korkeat laatuvaatimukset.\" \/>\n<meta name=\"robots\" content=\"index, follow, max-snippet:-1, max-image-preview:large, max-video-preview:-1\" \/>\n<link rel=\"canonical\" href=\"https:\/\/sacpipe.se\/fi\/jarjestelmasta\/laatu-ja-ymparistoystavallisyys\/\" \/>\n<meta property=\"og:locale\" content=\"fi_FI\" \/>\n<meta property=\"og:type\" content=\"article\" \/>\n<meta property=\"og:title\" content=\"Laatu ja ymp\u00e4rist\u00f6yst\u00e4v\u00e4llisyys - Sacpipe\" \/>\n<meta property=\"og:description\" content=\"Sacpipe Connection System -sukitusj\u00e4rjestelm\u00e4ss\u00e4mme k\u00e4ytet\u00e4\u00e4n materiaaleja, jotka t\u00e4ytt\u00e4v\u00e4t korkeat laatuvaatimukset.\" \/>\n<meta property=\"og:url\" content=\"https:\/\/sacpipe.se\/fi\/jarjestelmasta\/laatu-ja-ymparistoystavallisyys\/\" \/>\n<meta property=\"og:site_name\" content=\"Sacpipe\" \/>\n<meta property=\"article:modified_time\" content=\"2024-10-22T06:19:44+00:00\" \/>\n<meta property=\"og:image\" content=\"https:\/\/sacpipe.se\/wp-content\/uploads\/2016\/06\/miljo-1024x235.jpg\" \/>\n\t<meta property=\"og:image:width\" content=\"1024\" \/>\n\t<meta property=\"og:image:height\" content=\"235\" \/>\n\t<meta property=\"og:image:type\" content=\"image\/jpeg\" \/>\n<meta name=\"twitter:card\" content=\"summary_large_image\" \/>\n<meta name=\"twitter:label1\" content=\"Arvioitu lukuaika\" \/>\n\t<meta name=\"twitter:data1\" content=\"2 minuuttia\" \/>\n<script type=\"application\/ld+json\" class=\"yoast-schema-graph\">{\"@context\":\"https:\/\/schema.org\",\"@graph\":[{\"@type\":\"WebPage\",\"@id\":\"https:\/\/sacpipe.se\/fi\/jarjestelmasta\/laatu-ja-ymparistoystavallisyys\/\",\"url\":\"https:\/\/sacpipe.se\/fi\/jarjestelmasta\/laatu-ja-ymparistoystavallisyys\/\",\"name\":\"Laatu ja ymp\u00e4rist\u00f6yst\u00e4v\u00e4llisyys - Sacpipe\",\"isPartOf\":{\"@id\":\"https:\/\/sacpipe.se\/#website\"},\"primaryImageOfPage\":{\"@id\":\"https:\/\/sacpipe.se\/fi\/jarjestelmasta\/laatu-ja-ymparistoystavallisyys\/#primaryimage\"},\"image\":{\"@id\":\"https:\/\/sacpipe.se\/fi\/jarjestelmasta\/laatu-ja-ymparistoystavallisyys\/#primaryimage\"},\"thumbnailUrl\":\"https:\/\/sacpipe.se\/wp-content\/uploads\/2016\/06\/miljo.jpg\",\"datePublished\":\"2019-03-20T12:56:13+00:00\",\"dateModified\":\"2024-10-22T06:19:44+00:00\",\"description\":\"Sacpipe Connection System -sukitusj\u00e4rjestelm\u00e4ss\u00e4mme k\u00e4ytet\u00e4\u00e4n materiaaleja, jotka t\u00e4ytt\u00e4v\u00e4t korkeat laatuvaatimukset.\",\"breadcrumb\":{\"@id\":\"https:\/\/sacpipe.se\/fi\/jarjestelmasta\/laatu-ja-ymparistoystavallisyys\/#breadcrumb\"},\"inLanguage\":\"fi\",\"potentialAction\":[{\"@type\":\"ReadAction\",\"target\":[\"https:\/\/sacpipe.se\/fi\/jarjestelmasta\/laatu-ja-ymparistoystavallisyys\/\"]}]},{\"@type\":\"ImageObject\",\"inLanguage\":\"fi\",\"@id\":\"https:\/\/sacpipe.se\/fi\/jarjestelmasta\/laatu-ja-ymparistoystavallisyys\/#primaryimage\",\"url\":\"https:\/\/sacpipe.se\/wp-content\/uploads\/2016\/06\/miljo.jpg\",\"contentUrl\":\"https:\/\/sacpipe.se\/wp-content\/uploads\/2016\/06\/miljo.jpg\",\"width\":5804,\"height\":1331,\"caption\":\"Kvalitet och milj\u00f6\"},{\"@type\":\"BreadcrumbList\",\"@id\":\"https:\/\/sacpipe.se\/fi\/jarjestelmasta\/laatu-ja-ymparistoystavallisyys\/#breadcrumb\",\"itemListElement\":[{\"@type\":\"ListItem\",\"position\":1,\"name\":\"Hem\",\"item\":\"https:\/\/sacpipe.se\/fi\/\"},{\"@type\":\"ListItem\",\"position\":2,\"name\":\"Sacpipe Connection System -sukitusj\u00e4rjestelm\u00e4\",\"item\":\"https:\/\/sacpipe.se\/fi\/jarjestelmasta\/\"},{\"@type\":\"ListItem\",\"position\":3,\"name\":\"Laatu ja ymp\u00e4rist\u00f6yst\u00e4v\u00e4llisyys\"}]},{\"@type\":\"WebSite\",\"@id\":\"https:\/\/sacpipe.se\/#website\",\"url\":\"https:\/\/sacpipe.se\/\",\"name\":\"Sacpipe\",\"description\":\"Ett komplett system f\u00f6r relining\",\"potentialAction\":[{\"@type\":\"SearchAction\",\"target\":{\"@type\":\"EntryPoint\",\"urlTemplate\":\"https:\/\/sacpipe.se\/?s={search_term_string}\"},\"query-input\":{\"@type\":\"PropertyValueSpecification\",\"valueRequired\":true,\"valueName\":\"search_term_string\"}}],\"inLanguage\":\"fi\"}]}<\/script>\n<!-- \/ Yoast SEO plugin. -->","yoast_head_json":{"title":"Laatu ja ymp\u00e4rist\u00f6yst\u00e4v\u00e4llisyys - Sacpipe","description":"Sacpipe Connection System -sukitusj\u00e4rjestelm\u00e4ss\u00e4mme k\u00e4ytet\u00e4\u00e4n materiaaleja, jotka t\u00e4ytt\u00e4v\u00e4t korkeat laatuvaatimukset.","robots":{"index":"index","follow":"follow","max-snippet":"max-snippet:-1","max-image-preview":"max-image-preview:large","max-video-preview":"max-video-preview:-1"},"canonical":"https:\/\/sacpipe.se\/fi\/jarjestelmasta\/laatu-ja-ymparistoystavallisyys\/","og_locale":"fi_FI","og_type":"article","og_title":"Laatu ja ymp\u00e4rist\u00f6yst\u00e4v\u00e4llisyys - Sacpipe","og_description":"Sacpipe Connection System -sukitusj\u00e4rjestelm\u00e4ss\u00e4mme k\u00e4ytet\u00e4\u00e4n materiaaleja, jotka t\u00e4ytt\u00e4v\u00e4t korkeat laatuvaatimukset.","og_url":"https:\/\/sacpipe.se\/fi\/jarjestelmasta\/laatu-ja-ymparistoystavallisyys\/","og_site_name":"Sacpipe","article_modified_time":"2024-10-22T06:19:44+00:00","og_image":[{"width":1024,"height":235,"url":"https:\/\/sacpipe.se\/wp-content\/uploads\/2016\/06\/miljo-1024x235.jpg","type":"image\/jpeg"}],"twitter_card":"summary_large_image","twitter_misc":{"Arvioitu lukuaika":"2 minuuttia"},"schema":{"@context":"https:\/\/schema.org","@graph":[{"@type":"WebPage","@id":"https:\/\/sacpipe.se\/fi\/jarjestelmasta\/laatu-ja-ymparistoystavallisyys\/","url":"https:\/\/sacpipe.se\/fi\/jarjestelmasta\/laatu-ja-ymparistoystavallisyys\/","name":"Laatu ja ymp\u00e4rist\u00f6yst\u00e4v\u00e4llisyys - Sacpipe","isPartOf":{"@id":"https:\/\/sacpipe.se\/#website"},"primaryImageOfPage":{"@id":"https:\/\/sacpipe.se\/fi\/jarjestelmasta\/laatu-ja-ymparistoystavallisyys\/#primaryimage"},"image":{"@id":"https:\/\/sacpipe.se\/fi\/jarjestelmasta\/laatu-ja-ymparistoystavallisyys\/#primaryimage"},"thumbnailUrl":"https:\/\/sacpipe.se\/wp-content\/uploads\/2016\/06\/miljo.jpg","datePublished":"2019-03-20T12:56:13+00:00","dateModified":"2024-10-22T06:19:44+00:00","description":"Sacpipe Connection System -sukitusj\u00e4rjestelm\u00e4ss\u00e4mme k\u00e4ytet\u00e4\u00e4n materiaaleja, jotka t\u00e4ytt\u00e4v\u00e4t korkeat laatuvaatimukset.","breadcrumb":{"@id":"https:\/\/sacpipe.se\/fi\/jarjestelmasta\/laatu-ja-ymparistoystavallisyys\/#breadcrumb"},"inLanguage":"fi","potentialAction":[{"@type":"ReadAction","target":["https:\/\/sacpipe.se\/fi\/jarjestelmasta\/laatu-ja-ymparistoystavallisyys\/"]}]},{"@type":"ImageObject","inLanguage":"fi","@id":"https:\/\/sacpipe.se\/fi\/jarjestelmasta\/laatu-ja-ymparistoystavallisyys\/#primaryimage","url":"https:\/\/sacpipe.se\/wp-content\/uploads\/2016\/06\/miljo.jpg","contentUrl":"https:\/\/sacpipe.se\/wp-content\/uploads\/2016\/06\/miljo.jpg","width":5804,"height":1331,"caption":"Kvalitet och milj\u00f6"},{"@type":"BreadcrumbList","@id":"https:\/\/sacpipe.se\/fi\/jarjestelmasta\/laatu-ja-ymparistoystavallisyys\/#breadcrumb","itemListElement":[{"@type":"ListItem","position":1,"name":"Hem","item":"https:\/\/sacpipe.se\/fi\/"},{"@type":"ListItem","position":2,"name":"Sacpipe Connection System -sukitusj\u00e4rjestelm\u00e4","item":"https:\/\/sacpipe.se\/fi\/jarjestelmasta\/"},{"@type":"ListItem","position":3,"name":"Laatu ja ymp\u00e4rist\u00f6yst\u00e4v\u00e4llisyys"}]},{"@type":"WebSite","@id":"https:\/\/sacpipe.se\/#website","url":"https:\/\/sacpipe.se\/","name":"Sacpipe","description":"Ett komplett system f\u00f6r relining","potentialAction":[{"@type":"SearchAction","target":{"@type":"EntryPoint","urlTemplate":"https:\/\/sacpipe.se\/?s={search_term_string}"},"query-input":{"@type":"PropertyValueSpecification","valueRequired":true,"valueName":"search_term_string"}}],"inLanguage":"fi"}]}},"_links":{"self":[{"href":"https:\/\/sacpipe.se\/fi\/wp-json\/wp\/v2\/pages\/1002","targetHints":{"allow":["GET"]}}],"collection":[{"href":"https:\/\/sacpipe.se\/fi\/wp-json\/wp\/v2\/pages"}],"about":[{"href":"https:\/\/sacpipe.se\/fi\/wp-json\/wp\/v2\/types\/page"}],"author":[{"embeddable":true,"href":"https:\/\/sacpipe.se\/fi\/wp-json\/wp\/v2\/users\/2"}],"replies":[{"embeddable":true,"href":"https:\/\/sacpipe.se\/fi\/wp-json\/wp\/v2\/comments?post=1002"}],"version-history":[{"count":3,"href":"https:\/\/sacpipe.se\/fi\/wp-json\/wp\/v2\/pages\/1002\/revisions"}],"predecessor-version":[{"id":1560,"href":"https:\/\/sacpipe.se\/fi\/wp-json\/wp\/v2\/pages\/1002\/revisions\/1560"}],"up":[{"embeddable":true,"href":"https:\/\/sacpipe.se\/fi\/wp-json\/wp\/v2\/pages\/914"}],"wp:featuredmedia":[{"embeddable":true,"href":"https:\/\/sacpipe.se\/fi\/wp-json\/wp\/v2\/media\/468"}],"wp:attachment":[{"href":"https:\/\/sacpipe.se\/fi\/wp-json\/wp\/v2\/media?parent=1002"}],"curies":[{"name":"wp","href":"https:\/\/api.w.org\/{rel}","templated":true}]}}