{"id":1000,"date":"2019-03-19T14:06:23","date_gmt":"2019-03-19T13:06:23","guid":{"rendered":"http:\/\/sacpipe.se\/?page_id=1000"},"modified":"2024-10-22T07:58:02","modified_gmt":"2024-10-22T05:58:02","slug":"osat-ja-komponentit","status":"publish","type":"page","link":"https:\/\/sacpipe.se\/fi\/jarjestelmasta\/osat-ja-komponentit\/","title":{"rendered":"Osat ja komponentit"},"content":{"rendered":"<h3>Sacpipe Connection System<\/h3>\n<p>Sacpro on kehitt\u00e4nyt Sacpipe Connection System -sukitusj\u00e4rjestelm\u00e4n Falunissa, Ruotsissa. Sacpro on kiinteist\u00f6jen sis\u00e4isiin viem\u00e4risukituksiin liittyvien materiaalien ja ty\u00f6kalujen johtava toimittaja. Kehit\u00e4mme jatkuvasti j\u00e4rjestelm\u00e4n sis\u00e4isi\u00e4 osia ja materiaaleja.\u00a0 Ty\u00f6skentelemme p\u00e4ivitt\u00e4in yhteisty\u00f6ss\u00e4 valtuutettujen asennusyritysten kanssa varmistaaksemme sen, ett\u00e4 asiakkaiden tilaamat viem\u00e4risaneeraukset ovat laadukkaita ja kest\u00e4vi\u00e4.<\/p>\n<hr \/>\n<p><img loading=\"lazy\" decoding=\"async\" class=\"size-medium wp-image-487 alignleft\" src=\"http:\/\/sacpipe.se\/wp-content\/uploads\/2016\/03\/ror3-300x200.jpg\" alt=\"ror3\" width=\"300\" height=\"200\" srcset=\"https:\/\/sacpipe.se\/wp-content\/uploads\/2016\/03\/ror3-300x200.jpg 300w, https:\/\/sacpipe.se\/wp-content\/uploads\/2016\/03\/ror3-768x512.jpg 768w, https:\/\/sacpipe.se\/wp-content\/uploads\/2016\/03\/ror3-1024x683.jpg 1024w\" sizes=\"auto, (max-width: 300px) 100vw, 300px\" \/><\/p>\n<table>\n<tbody>\n<tr>\n<td height=\"200\">\n<h2>Vaaka- ja pystyviem\u00e4rit<\/h2>\n<p>Joustavalla ja saumattomalla sukkamateriaalilla saavutetaan aina ennalta m\u00e4\u00e4ritelty sein\u00e4m\u00e4vahvuus. J\u00e4rjestelm\u00e4n sukkamateriaalia on saatavilla 50-225mm koissa.<\/td>\n<\/tr>\n<\/tbody>\n<\/table>\n<p><img loading=\"lazy\" decoding=\"async\" class=\"size-medium wp-image-504 alignleft\" src=\"http:\/\/sacpipe.se\/wp-content\/uploads\/2016\/03\/IMG0432-300x200.jpg\" alt=\"IMG_0432\" width=\"300\" height=\"200\" srcset=\"https:\/\/sacpipe.se\/wp-content\/uploads\/2016\/03\/IMG0432-300x200.jpg 300w, https:\/\/sacpipe.se\/wp-content\/uploads\/2016\/03\/IMG0432-768x512.jpg 768w, https:\/\/sacpipe.se\/wp-content\/uploads\/2016\/03\/IMG0432-1024x683.jpg 1024w, https:\/\/sacpipe.se\/wp-content\/uploads\/2016\/03\/IMG0432.jpg 1200w\" sizes=\"auto, (max-width: 300px) 100vw, 300px\" \/><\/p>\n<table>\n<tbody>\n<tr>\n<td height=\"200\">\n<h2>Mutkat<\/h2>\n<p>Sacpipe Connection System -sukitusj\u00e4rjestelm\u00e4n materiaali on hyvin joustavaa ja erinomainen asentaa putkiin, joissa on mutkia. Sukkamateriaalin voi asentaa useiden 90\u00b0 mutkien l\u00e4pi, ilman h\u00e4iritsevi\u00e4 taitoksia tai ryppyj\u00e4.<\/td>\n<\/tr>\n<\/tbody>\n<\/table>\n<p><img loading=\"lazy\" decoding=\"async\" class=\"size-medium wp-image-489 alignleft\" src=\"http:\/\/sacpipe.se\/wp-content\/uploads\/2016\/03\/dimensions3-300x200.jpg\" alt=\"dimensions3\" width=\"300\" height=\"200\" srcset=\"https:\/\/sacpipe.se\/wp-content\/uploads\/2016\/03\/dimensions3-300x200.jpg 300w, https:\/\/sacpipe.se\/wp-content\/uploads\/2016\/03\/dimensions3-768x512.jpg 768w, https:\/\/sacpipe.se\/wp-content\/uploads\/2016\/03\/dimensions3-1024x683.jpg 1024w, https:\/\/sacpipe.se\/wp-content\/uploads\/2016\/03\/dimensions3.jpg 1200w\" sizes=\"auto, (max-width: 300px) 100vw, 300px\" \/><\/p>\n<table>\n<tbody>\n<tr>\n<td height=\"200\">\n<h2>Koonmuutokset<\/h2>\n<p>Putken l\u00e4pimitan muutokset voivat aiheuttaa suuria haasteita useille sukitustavoille, mutta ei Sacpipe Connection System -sukitusj\u00e4rjestelm\u00e4lle. Sukkamateriaalimme joustavuus mahdollistaa asennuksen silloinkin, kun putken l\u00e4pimitta vaihtuu toiseksi.<\/td>\n<\/tr>\n<\/tbody>\n<\/table>\n<p><img loading=\"lazy\" decoding=\"async\" class=\"size-medium wp-image-488 alignleft\" src=\"http:\/\/sacpipe.se\/wp-content\/uploads\/2016\/03\/gren3-300x200.jpg\" alt=\"gren3\" width=\"300\" height=\"200\" srcset=\"https:\/\/sacpipe.se\/wp-content\/uploads\/2016\/03\/gren3-300x200.jpg 300w, https:\/\/sacpipe.se\/wp-content\/uploads\/2016\/03\/gren3-768x512.jpg 768w, https:\/\/sacpipe.se\/wp-content\/uploads\/2016\/03\/gren3-1024x683.jpg 1024w, https:\/\/sacpipe.se\/wp-content\/uploads\/2016\/03\/gren3.jpg 1200w\" sizes=\"auto, (max-width: 300px) 100vw, 300px\" \/><\/p>\n<table>\n<tbody>\n<tr>\n<td height=\"200\">\n<h2>Haarayhteet<\/h2>\n<p>Heikoin kohta viem\u00e4riputkistossa on yleens\u00e4 haaran kohdalla. Asennettaessa Sacpipe Connection System -sukitusj\u00e4rjestelm\u00e4\u00e4, elementtirakenteisia haarayhteit\u00e4 k\u00e4ytet\u00e4\u00e4n aina, riippumatta haaran koosta tai muodosta.<\/td>\n<\/tr>\n<\/tbody>\n<\/table>\n<p><img loading=\"lazy\" decoding=\"async\" class=\"size-medium wp-image-491 alignleft\" src=\"http:\/\/sacpipe.se\/wp-content\/uploads\/2016\/03\/anborrningsgren3-300x200.jpg\" alt=\"anborrningsgren3\" width=\"300\" height=\"200\" srcset=\"https:\/\/sacpipe.se\/wp-content\/uploads\/2016\/03\/anborrningsgren3-300x200.jpg 300w, https:\/\/sacpipe.se\/wp-content\/uploads\/2016\/03\/anborrningsgren3-768x512.jpg 768w, https:\/\/sacpipe.se\/wp-content\/uploads\/2016\/03\/anborrningsgren3-1024x683.jpg 1024w, https:\/\/sacpipe.se\/wp-content\/uploads\/2016\/03\/anborrningsgren3.jpg 1200w\" sizes=\"auto, (max-width: 300px) 100vw, 300px\" \/><\/p>\n<table>\n<tbody>\n<tr>\n<td height=\"200\">\n<h2>Uudet liitokset<\/h2>\n<p>Uuden liitoksen asentaminen onnistuu nopeasti ja turvallisesti k\u00e4ytt\u00e4m\u00e4ll\u00e4 Sacparts -haaraliitint\u00e4. Se sopii t\u00e4ydellisesti esimerkiksi olemassa olevaan keitti\u00f6n viem\u00e4rilinjaan teht\u00e4v\u00e4\u00e4n uuteen liitokseen.<\/td>\n<\/tr>\n<\/tbody>\n<\/table>\n<p><img loading=\"lazy\" decoding=\"async\" class=\"size-medium wp-image-490 alignleft\" src=\"http:\/\/sacpipe.se\/wp-content\/uploads\/2016\/03\/ReliningConnection3-300x200.jpg\" alt=\"ReliningConnection3\" width=\"300\" height=\"200\" srcset=\"https:\/\/sacpipe.se\/wp-content\/uploads\/2016\/03\/ReliningConnection3-300x200.jpg 300w, https:\/\/sacpipe.se\/wp-content\/uploads\/2016\/03\/ReliningConnection3-768x512.jpg 768w, https:\/\/sacpipe.se\/wp-content\/uploads\/2016\/03\/ReliningConnection3-1024x683.jpg 1024w, https:\/\/sacpipe.se\/wp-content\/uploads\/2016\/03\/ReliningConnection3.jpg 1200w\" sizes=\"auto, (max-width: 300px) 100vw, 300px\" \/><\/p>\n<table>\n<tbody>\n<tr>\n<td height=\"200\">\n<h2>Standardoitu liitos<\/h2>\n<p>Sacparts -sukitusliitos varmistaa turvallisen liitoksen sukitetun ja perinteisen putken v\u00e4lill\u00e4.<\/td>\n<\/tr>\n<\/tbody>\n<\/table>\n","protected":false},"excerpt":{"rendered":"<p>Sacpipe Connection System Sacpro on kehitt\u00e4nyt Sacpipe Connection System -sukitusj\u00e4rjestelm\u00e4n Falunissa, Ruotsissa. Sacpro on kiinteist\u00f6jen sis\u00e4isiin viem\u00e4risukituksiin liittyvien materiaalien ja ty\u00f6kalujen johtava toimittaja. Kehit\u00e4mme jatkuvasti j\u00e4rjestelm\u00e4n sis\u00e4isi\u00e4 osia ja materiaaleja.\u00a0 Ty\u00f6skentelemme p\u00e4ivitt\u00e4in yhteisty\u00f6ss\u00e4 valtuutettujen asennusyritysten kanssa varmistaaksemme sen, ett\u00e4 asiakkaiden tilaamat viem\u00e4risaneeraukset ovat laadukkaita ja kest\u00e4vi\u00e4. Vaaka- ja pystyviem\u00e4rit Joustavalla ja saumattomalla sukkamateriaalilla saavutetaan aina [&hellip;]<\/p>\n","protected":false},"author":2,"featured_media":3283,"parent":914,"menu_order":0,"comment_status":"closed","ping_status":"closed","template":"","meta":{"_acf_changed":false,"footnotes":""},"class_list":["post-1000","page","type-page","status-publish","has-post-thumbnail","hentry"],"acf":[],"yoast_head":"<!-- This site is optimized with the Yoast SEO plugin v27.2 - https:\/\/yoast.com\/product\/yoast-seo-wordpress\/ -->\n<title>Osat ja komponentit - Sacpipe<\/title>\n<meta name=\"description\" content=\"Sacprolla kehitet\u00e4\u00e4n jatkuvasti j\u00e4rjestelm\u00e4n sis\u00e4isi\u00e4 osia ja materiaaleja. Kehitysty\u00f6n keski\u00f6ss\u00e4 on korkea laatu.\" \/>\n<meta name=\"robots\" content=\"index, follow, max-snippet:-1, max-image-preview:large, max-video-preview:-1\" \/>\n<link rel=\"canonical\" href=\"https:\/\/sacpipe.se\/fi\/jarjestelmasta\/osat-ja-komponentit\/\" \/>\n<meta property=\"og:locale\" content=\"fi_FI\" \/>\n<meta property=\"og:type\" content=\"article\" \/>\n<meta property=\"og:title\" content=\"Osat ja komponentit - Sacpipe\" \/>\n<meta property=\"og:description\" content=\"Sacprolla kehitet\u00e4\u00e4n jatkuvasti j\u00e4rjestelm\u00e4n sis\u00e4isi\u00e4 osia ja materiaaleja. Kehitysty\u00f6n keski\u00f6ss\u00e4 on korkea laatu.\" \/>\n<meta property=\"og:url\" content=\"https:\/\/sacpipe.se\/fi\/jarjestelmasta\/osat-ja-komponentit\/\" \/>\n<meta property=\"og:site_name\" content=\"Sacpipe\" \/>\n<meta property=\"article:modified_time\" content=\"2024-10-22T05:58:02+00:00\" \/>\n<meta property=\"og:image\" content=\"https:\/\/sacpipe.se\/wp-content\/uploads\/2016\/03\/grenkapat.jpg\" \/>\n\t<meta property=\"og:image:width\" content=\"1864\" \/>\n\t<meta property=\"og:image:height\" content=\"430\" \/>\n\t<meta property=\"og:image:type\" content=\"image\/jpeg\" \/>\n<meta name=\"twitter:card\" content=\"summary_large_image\" \/>\n<meta name=\"twitter:label1\" content=\"Arvioitu lukuaika\" \/>\n\t<meta name=\"twitter:data1\" content=\"3 minuuttia\" \/>\n<script type=\"application\/ld+json\" class=\"yoast-schema-graph\">{\"@context\":\"https:\/\/schema.org\",\"@graph\":[{\"@type\":\"WebPage\",\"@id\":\"https:\/\/sacpipe.se\/fi\/jarjestelmasta\/osat-ja-komponentit\/\",\"url\":\"https:\/\/sacpipe.se\/fi\/jarjestelmasta\/osat-ja-komponentit\/\",\"name\":\"Osat ja komponentit - Sacpipe\",\"isPartOf\":{\"@id\":\"https:\/\/sacpipe.se\/#website\"},\"primaryImageOfPage\":{\"@id\":\"https:\/\/sacpipe.se\/fi\/jarjestelmasta\/osat-ja-komponentit\/#primaryimage\"},\"image\":{\"@id\":\"https:\/\/sacpipe.se\/fi\/jarjestelmasta\/osat-ja-komponentit\/#primaryimage\"},\"thumbnailUrl\":\"https:\/\/sacpipe.se\/wp-content\/uploads\/2025\/05\/branchpipesmall.jpg\",\"datePublished\":\"2019-03-19T13:06:23+00:00\",\"dateModified\":\"2024-10-22T05:58:02+00:00\",\"description\":\"Sacprolla kehitet\u00e4\u00e4n jatkuvasti j\u00e4rjestelm\u00e4n sis\u00e4isi\u00e4 osia ja materiaaleja. Kehitysty\u00f6n keski\u00f6ss\u00e4 on korkea laatu.\",\"breadcrumb\":{\"@id\":\"https:\/\/sacpipe.se\/fi\/jarjestelmasta\/osat-ja-komponentit\/#breadcrumb\"},\"inLanguage\":\"fi\",\"potentialAction\":[{\"@type\":\"ReadAction\",\"target\":[\"https:\/\/sacpipe.se\/fi\/jarjestelmasta\/osat-ja-komponentit\/\"]}]},{\"@type\":\"ImageObject\",\"inLanguage\":\"fi\",\"@id\":\"https:\/\/sacpipe.se\/fi\/jarjestelmasta\/osat-ja-komponentit\/#primaryimage\",\"url\":\"https:\/\/sacpipe.se\/wp-content\/uploads\/2025\/05\/branchpipesmall.jpg\",\"contentUrl\":\"https:\/\/sacpipe.se\/wp-content\/uploads\/2025\/05\/branchpipesmall.jpg\",\"width\":1864,\"height\":430},{\"@type\":\"BreadcrumbList\",\"@id\":\"https:\/\/sacpipe.se\/fi\/jarjestelmasta\/osat-ja-komponentit\/#breadcrumb\",\"itemListElement\":[{\"@type\":\"ListItem\",\"position\":1,\"name\":\"Hem\",\"item\":\"https:\/\/sacpipe.se\/fi\/\"},{\"@type\":\"ListItem\",\"position\":2,\"name\":\"Sacpipe Connection System -sukitusj\u00e4rjestelm\u00e4\",\"item\":\"https:\/\/sacpipe.se\/fi\/jarjestelmasta\/\"},{\"@type\":\"ListItem\",\"position\":3,\"name\":\"Osat ja komponentit\"}]},{\"@type\":\"WebSite\",\"@id\":\"https:\/\/sacpipe.se\/#website\",\"url\":\"https:\/\/sacpipe.se\/\",\"name\":\"Sacpipe\",\"description\":\"Ett komplett system f\u00f6r relining\",\"potentialAction\":[{\"@type\":\"SearchAction\",\"target\":{\"@type\":\"EntryPoint\",\"urlTemplate\":\"https:\/\/sacpipe.se\/?s={search_term_string}\"},\"query-input\":{\"@type\":\"PropertyValueSpecification\",\"valueRequired\":true,\"valueName\":\"search_term_string\"}}],\"inLanguage\":\"fi\"}]}<\/script>\n<!-- \/ Yoast SEO plugin. -->","yoast_head_json":{"title":"Osat ja komponentit - Sacpipe","description":"Sacprolla kehitet\u00e4\u00e4n jatkuvasti j\u00e4rjestelm\u00e4n sis\u00e4isi\u00e4 osia ja materiaaleja. Kehitysty\u00f6n keski\u00f6ss\u00e4 on korkea laatu.","robots":{"index":"index","follow":"follow","max-snippet":"max-snippet:-1","max-image-preview":"max-image-preview:large","max-video-preview":"max-video-preview:-1"},"canonical":"https:\/\/sacpipe.se\/fi\/jarjestelmasta\/osat-ja-komponentit\/","og_locale":"fi_FI","og_type":"article","og_title":"Osat ja komponentit - Sacpipe","og_description":"Sacprolla kehitet\u00e4\u00e4n jatkuvasti j\u00e4rjestelm\u00e4n sis\u00e4isi\u00e4 osia ja materiaaleja. Kehitysty\u00f6n keski\u00f6ss\u00e4 on korkea laatu.","og_url":"https:\/\/sacpipe.se\/fi\/jarjestelmasta\/osat-ja-komponentit\/","og_site_name":"Sacpipe","article_modified_time":"2024-10-22T05:58:02+00:00","og_image":[{"width":1864,"height":430,"url":"https:\/\/sacpipe.se\/wp-content\/uploads\/2016\/03\/grenkapat.jpg","type":"image\/jpeg"}],"twitter_card":"summary_large_image","twitter_misc":{"Arvioitu lukuaika":"3 minuuttia"},"schema":{"@context":"https:\/\/schema.org","@graph":[{"@type":"WebPage","@id":"https:\/\/sacpipe.se\/fi\/jarjestelmasta\/osat-ja-komponentit\/","url":"https:\/\/sacpipe.se\/fi\/jarjestelmasta\/osat-ja-komponentit\/","name":"Osat ja komponentit - Sacpipe","isPartOf":{"@id":"https:\/\/sacpipe.se\/#website"},"primaryImageOfPage":{"@id":"https:\/\/sacpipe.se\/fi\/jarjestelmasta\/osat-ja-komponentit\/#primaryimage"},"image":{"@id":"https:\/\/sacpipe.se\/fi\/jarjestelmasta\/osat-ja-komponentit\/#primaryimage"},"thumbnailUrl":"https:\/\/sacpipe.se\/wp-content\/uploads\/2025\/05\/branchpipesmall.jpg","datePublished":"2019-03-19T13:06:23+00:00","dateModified":"2024-10-22T05:58:02+00:00","description":"Sacprolla kehitet\u00e4\u00e4n jatkuvasti j\u00e4rjestelm\u00e4n sis\u00e4isi\u00e4 osia ja materiaaleja. Kehitysty\u00f6n keski\u00f6ss\u00e4 on korkea laatu.","breadcrumb":{"@id":"https:\/\/sacpipe.se\/fi\/jarjestelmasta\/osat-ja-komponentit\/#breadcrumb"},"inLanguage":"fi","potentialAction":[{"@type":"ReadAction","target":["https:\/\/sacpipe.se\/fi\/jarjestelmasta\/osat-ja-komponentit\/"]}]},{"@type":"ImageObject","inLanguage":"fi","@id":"https:\/\/sacpipe.se\/fi\/jarjestelmasta\/osat-ja-komponentit\/#primaryimage","url":"https:\/\/sacpipe.se\/wp-content\/uploads\/2025\/05\/branchpipesmall.jpg","contentUrl":"https:\/\/sacpipe.se\/wp-content\/uploads\/2025\/05\/branchpipesmall.jpg","width":1864,"height":430},{"@type":"BreadcrumbList","@id":"https:\/\/sacpipe.se\/fi\/jarjestelmasta\/osat-ja-komponentit\/#breadcrumb","itemListElement":[{"@type":"ListItem","position":1,"name":"Hem","item":"https:\/\/sacpipe.se\/fi\/"},{"@type":"ListItem","position":2,"name":"Sacpipe Connection System -sukitusj\u00e4rjestelm\u00e4","item":"https:\/\/sacpipe.se\/fi\/jarjestelmasta\/"},{"@type":"ListItem","position":3,"name":"Osat ja komponentit"}]},{"@type":"WebSite","@id":"https:\/\/sacpipe.se\/#website","url":"https:\/\/sacpipe.se\/","name":"Sacpipe","description":"Ett komplett system f\u00f6r relining","potentialAction":[{"@type":"SearchAction","target":{"@type":"EntryPoint","urlTemplate":"https:\/\/sacpipe.se\/?s={search_term_string}"},"query-input":{"@type":"PropertyValueSpecification","valueRequired":true,"valueName":"search_term_string"}}],"inLanguage":"fi"}]}},"_links":{"self":[{"href":"https:\/\/sacpipe.se\/fi\/wp-json\/wp\/v2\/pages\/1000","targetHints":{"allow":["GET"]}}],"collection":[{"href":"https:\/\/sacpipe.se\/fi\/wp-json\/wp\/v2\/pages"}],"about":[{"href":"https:\/\/sacpipe.se\/fi\/wp-json\/wp\/v2\/types\/page"}],"author":[{"embeddable":true,"href":"https:\/\/sacpipe.se\/fi\/wp-json\/wp\/v2\/users\/2"}],"replies":[{"embeddable":true,"href":"https:\/\/sacpipe.se\/fi\/wp-json\/wp\/v2\/comments?post=1000"}],"version-history":[{"count":2,"href":"https:\/\/sacpipe.se\/fi\/wp-json\/wp\/v2\/pages\/1000\/revisions"}],"predecessor-version":[{"id":1552,"href":"https:\/\/sacpipe.se\/fi\/wp-json\/wp\/v2\/pages\/1000\/revisions\/1552"}],"up":[{"embeddable":true,"href":"https:\/\/sacpipe.se\/fi\/wp-json\/wp\/v2\/pages\/914"}],"wp:featuredmedia":[{"embeddable":true,"href":"https:\/\/sacpipe.se\/fi\/wp-json\/wp\/v2\/media\/3283"}],"wp:attachment":[{"href":"https:\/\/sacpipe.se\/fi\/wp-json\/wp\/v2\/media?parent=1000"}],"curies":[{"name":"wp","href":"https:\/\/api.w.org\/{rel}","templated":true}]}}