{"id":616,"date":"2016-11-09T10:43:32","date_gmt":"2016-11-09T09:43:32","guid":{"rendered":"http:\/\/sacpipe.se\/en\/?page_id=616"},"modified":"2025-05-21T08:10:46","modified_gmt":"2025-05-21T06:10:46","slug":"what-is-relining","status":"publish","type":"page","link":"https:\/\/sacpipe.se\/en\/about-the-system\/what-is-relining\/","title":{"rendered":"What is relining?"},"content":{"rendered":"\n<h3 class=\"wp-block-heading\"><b><span style=\"color: #000000;\"><span class=\"alt-edited\" tabindex=\"-1\" contenteditable=\"false\">Basically<\/span> <span class=\"alt-edited\" tabindex=\"-1\" contenteditable=\"false\">there are two different<\/span> <span tabindex=\"-1\" contenteditable=\"false\">techniques<\/span><\/span><\/b><\/h3>\n\n\n\n<p><span style=\"color: #000000;\">Relining is a collective name of different methods for the interior renovation of pipes. There are several different techniques \/ methods, but the common ground is that there are fewer interventions in the property, less impact for residents and a shorter renovation time.<\/span><\/p>\n\n\n\n<p>There are mainly two different techniques for renovating pipe relining in buildings &#8211; with flexible liner as Sacpipe Connection System or coating with thermosetting plastics.<em><br><\/em><\/p>\n\n\n\n<ul class=\"wp-block-list\">\n<li>Renovating with flexible liner creates a new self-supporting pipe system using compressed air technology and the liner is cured under pressure inside the old pipe. It installs simply a new pipe with the old pipe as a casting mold. When the new pipe is cured, it is no longer dependent on the old pipe.<\/li>\n\n\n\n<li>When using coating as renovation method. A polyseter plastic is sprayed or epoxy is brushed out and will then cure inside the pipes. The durability of the old pipes is improved with an internal coating \/ wear surface.<\/li>\n<\/ul>\n\n\n\n<p><span style=\"color: #000000;\">There are three factors that determine that it will be a good result &#8211; the choice of systems, materials and installers.<\/span><\/p>\n\n\n\n<h3 class=\"wp-block-heading\"><span style=\"color: #000000;\"><strong><span title=\"Some tips for you who are about to&nbsp;renovate your pipes&nbsp;with relining:\">Some tips for you who are about to&nbsp;renovate your pipes&nbsp;with relining<\/span>:<\/strong><\/span><\/h3>\n\n\n\n<ul class=\"wp-block-list\">\n<li><span title=\"G\u00f6r din heml\u00e4xan f\u00f6rst!\">Do your homework first! <\/span><span title=\"L\u00e4s p\u00e5 om systemet och materialet.\">Read about\u00a0the system and material. <\/span><span title=\"Be om referenser samt provbitar s\u00e5 att du kan k\u00e4nna och kl\u00e4mma p\u00e5 det och j\u00e4mf\u00f6ra det med ett nytt PP-r\u00f6r. \">Ask for references and samples so that you can learn mor and compare the\u00a0material\u00a0with a new PP pipe.<\/span><\/li>\n\n\n\n<li>Some installers in Sweden are members of BRiF, the association of relining in properties. It involves an annual inspection by SP, the Swedish Technical Research Institute. Which does not guarantee the result but they have everything in\u00a0order at the company, like\u00a0documentation and more.<\/li>\n\n\n\n<li>Use an installer that is trained on the system they install. Ask to see the certificate for the relevant training.<\/li>\n\n\n\n<li>Prefabricated branch pipes will be installed. Make sure this is included in the inquiry.<\/li>\n\n\n\n<li>Installation documentation\u00a0and operating \/ maintenance instructions should always be provided to the client. To ensure the results you can hire\u00a0an independent inspector who inspects the exposed parts such as branch pipes and bends.<\/li>\n\n\n\n<li>Make sure to do a detailed feasibility study of the project to ensure that an inquiry is complete so that you minimize any additional work and extra costs.<\/li>\n\n\n\n<li>Are you missing knowledge, you should enlist the help of an independent consultant. (There are no independent sellers &#8230;)<\/li>\n<\/ul>\n\n\n\n<p>&nbsp;<\/p>\n","protected":false},"excerpt":{"rendered":"<p>Basically there are two different techniques Relining is a collective name of different methods for the interior renovation of pipes. There are several different techniques \/ methods, but the common ground is that there are fewer interventions in the property, less impact for residents and a shorter renovation time. There are mainly two different techniques [&hellip;]<\/p>\n","protected":false},"author":2,"featured_media":533,"parent":271,"menu_order":0,"comment_status":"closed","ping_status":"closed","template":"template-twocols.php","meta":{"_acf_changed":false,"footnotes":""},"class_list":["post-616","page","type-page","status-publish","has-post-thumbnail","hentry"],"acf":[],"yoast_head":"<!-- This site is optimized with the Yoast SEO plugin v27.4 - https:\/\/yoast.com\/product\/yoast-seo-wordpress\/ -->\n<title>What is relining? - Sacpipe<\/title>\n<meta name=\"robots\" content=\"index, follow, max-snippet:-1, max-image-preview:large, max-video-preview:-1\" \/>\n<link rel=\"canonical\" href=\"https:\/\/sacpipe.se\/en\/about-the-system\/what-is-relining\/\" \/>\n<meta property=\"og:locale\" content=\"en_US\" \/>\n<meta property=\"og:type\" content=\"article\" \/>\n<meta property=\"og:title\" content=\"What is relining? - Sacpipe\" \/>\n<meta property=\"og:description\" content=\"Basically there are two different techniques Relining is a collective name of different methods for the interior renovation of pipes. There are several different techniques \/ methods, but the common ground is that there are fewer interventions in the property, less impact for residents and a shorter renovation time. There are mainly two different techniques [&hellip;]\" \/>\n<meta property=\"og:url\" content=\"https:\/\/sacpipe.se\/en\/about-the-system\/what-is-relining\/\" \/>\n<meta property=\"og:site_name\" content=\"Sacpipe\" \/>\n<meta property=\"article:modified_time\" content=\"2025-05-21T06:10:46+00:00\" \/>\n<meta property=\"og:image\" content=\"https:\/\/sacpipe.se\/wp-content\/uploads\/2016\/06\/hyres3.jpg\" \/>\n\t<meta property=\"og:image:width\" content=\"1864\" \/>\n\t<meta property=\"og:image:height\" content=\"430\" \/>\n\t<meta property=\"og:image:type\" content=\"image\/jpeg\" \/>\n<meta name=\"twitter:card\" content=\"summary_large_image\" \/>\n<meta name=\"twitter:label1\" content=\"Est. reading time\" \/>\n\t<meta name=\"twitter:data1\" content=\"3 minutes\" \/>\n<script type=\"application\/ld+json\" class=\"yoast-schema-graph\">{\"@context\":\"https:\\\/\\\/schema.org\",\"@graph\":[{\"@type\":\"WebPage\",\"@id\":\"https:\\\/\\\/sacpipe.se\\\/en\\\/about-the-system\\\/what-is-relining\\\/\",\"url\":\"https:\\\/\\\/sacpipe.se\\\/en\\\/about-the-system\\\/what-is-relining\\\/\",\"name\":\"What is relining? - Sacpipe\",\"isPartOf\":{\"@id\":\"https:\\\/\\\/sacpipe.se\\\/#website\"},\"primaryImageOfPage\":{\"@id\":\"https:\\\/\\\/sacpipe.se\\\/en\\\/about-the-system\\\/what-is-relining\\\/#primaryimage\"},\"image\":{\"@id\":\"https:\\\/\\\/sacpipe.se\\\/en\\\/about-the-system\\\/what-is-relining\\\/#primaryimage\"},\"thumbnailUrl\":\"https:\\\/\\\/sacpipe.se\\\/wp-content\\\/uploads\\\/2016\\\/06\\\/hyres3.jpg\",\"datePublished\":\"2016-11-09T09:43:32+00:00\",\"dateModified\":\"2025-05-21T06:10:46+00:00\",\"breadcrumb\":{\"@id\":\"https:\\\/\\\/sacpipe.se\\\/en\\\/about-the-system\\\/what-is-relining\\\/#breadcrumb\"},\"inLanguage\":\"en-US\",\"potentialAction\":[{\"@type\":\"ReadAction\",\"target\":[\"https:\\\/\\\/sacpipe.se\\\/en\\\/about-the-system\\\/what-is-relining\\\/\"]}]},{\"@type\":\"ImageObject\",\"inLanguage\":\"en-US\",\"@id\":\"https:\\\/\\\/sacpipe.se\\\/en\\\/about-the-system\\\/what-is-relining\\\/#primaryimage\",\"url\":\"https:\\\/\\\/sacpipe.se\\\/wp-content\\\/uploads\\\/2016\\\/06\\\/hyres3.jpg\",\"contentUrl\":\"https:\\\/\\\/sacpipe.se\\\/wp-content\\\/uploads\\\/2016\\\/06\\\/hyres3.jpg\",\"width\":1864,\"height\":430,\"caption\":\"Relining hyreshus Sacpipe\"},{\"@type\":\"BreadcrumbList\",\"@id\":\"https:\\\/\\\/sacpipe.se\\\/en\\\/about-the-system\\\/what-is-relining\\\/#breadcrumb\",\"itemListElement\":[{\"@type\":\"ListItem\",\"position\":1,\"name\":\"Hem\",\"item\":\"https:\\\/\\\/sacpipe.se\\\/en\\\/\"},{\"@type\":\"ListItem\",\"position\":2,\"name\":\"About the system\",\"item\":\"https:\\\/\\\/sacpipe.se\\\/en\\\/about-the-system\\\/\"},{\"@type\":\"ListItem\",\"position\":3,\"name\":\"What is relining?\"}]},{\"@type\":\"WebSite\",\"@id\":\"https:\\\/\\\/sacpipe.se\\\/#website\",\"url\":\"https:\\\/\\\/sacpipe.se\\\/\",\"name\":\"Sacpipe\",\"description\":\"Ett komplett system f\u00f6r relining\",\"potentialAction\":[{\"@type\":\"SearchAction\",\"target\":{\"@type\":\"EntryPoint\",\"urlTemplate\":\"https:\\\/\\\/sacpipe.se\\\/?s={search_term_string}\"},\"query-input\":{\"@type\":\"PropertyValueSpecification\",\"valueRequired\":true,\"valueName\":\"search_term_string\"}}],\"inLanguage\":\"en-US\"}]}<\/script>\n<!-- \/ Yoast SEO plugin. -->","yoast_head_json":{"title":"What is relining? - Sacpipe","robots":{"index":"index","follow":"follow","max-snippet":"max-snippet:-1","max-image-preview":"max-image-preview:large","max-video-preview":"max-video-preview:-1"},"canonical":"https:\/\/sacpipe.se\/en\/about-the-system\/what-is-relining\/","og_locale":"en_US","og_type":"article","og_title":"What is relining? - Sacpipe","og_description":"Basically there are two different techniques Relining is a collective name of different methods for the interior renovation of pipes. There are several different techniques \/ methods, but the common ground is that there are fewer interventions in the property, less impact for residents and a shorter renovation time. There are mainly two different techniques [&hellip;]","og_url":"https:\/\/sacpipe.se\/en\/about-the-system\/what-is-relining\/","og_site_name":"Sacpipe","article_modified_time":"2025-05-21T06:10:46+00:00","og_image":[{"width":1864,"height":430,"url":"https:\/\/sacpipe.se\/wp-content\/uploads\/2016\/06\/hyres3.jpg","type":"image\/jpeg"}],"twitter_card":"summary_large_image","twitter_misc":{"Est. reading time":"3 minutes"},"schema":{"@context":"https:\/\/schema.org","@graph":[{"@type":"WebPage","@id":"https:\/\/sacpipe.se\/en\/about-the-system\/what-is-relining\/","url":"https:\/\/sacpipe.se\/en\/about-the-system\/what-is-relining\/","name":"What is relining? - Sacpipe","isPartOf":{"@id":"https:\/\/sacpipe.se\/#website"},"primaryImageOfPage":{"@id":"https:\/\/sacpipe.se\/en\/about-the-system\/what-is-relining\/#primaryimage"},"image":{"@id":"https:\/\/sacpipe.se\/en\/about-the-system\/what-is-relining\/#primaryimage"},"thumbnailUrl":"https:\/\/sacpipe.se\/wp-content\/uploads\/2016\/06\/hyres3.jpg","datePublished":"2016-11-09T09:43:32+00:00","dateModified":"2025-05-21T06:10:46+00:00","breadcrumb":{"@id":"https:\/\/sacpipe.se\/en\/about-the-system\/what-is-relining\/#breadcrumb"},"inLanguage":"en-US","potentialAction":[{"@type":"ReadAction","target":["https:\/\/sacpipe.se\/en\/about-the-system\/what-is-relining\/"]}]},{"@type":"ImageObject","inLanguage":"en-US","@id":"https:\/\/sacpipe.se\/en\/about-the-system\/what-is-relining\/#primaryimage","url":"https:\/\/sacpipe.se\/wp-content\/uploads\/2016\/06\/hyres3.jpg","contentUrl":"https:\/\/sacpipe.se\/wp-content\/uploads\/2016\/06\/hyres3.jpg","width":1864,"height":430,"caption":"Relining hyreshus Sacpipe"},{"@type":"BreadcrumbList","@id":"https:\/\/sacpipe.se\/en\/about-the-system\/what-is-relining\/#breadcrumb","itemListElement":[{"@type":"ListItem","position":1,"name":"Hem","item":"https:\/\/sacpipe.se\/en\/"},{"@type":"ListItem","position":2,"name":"About the system","item":"https:\/\/sacpipe.se\/en\/about-the-system\/"},{"@type":"ListItem","position":3,"name":"What is relining?"}]},{"@type":"WebSite","@id":"https:\/\/sacpipe.se\/#website","url":"https:\/\/sacpipe.se\/","name":"Sacpipe","description":"Ett komplett system f\u00f6r relining","potentialAction":[{"@type":"SearchAction","target":{"@type":"EntryPoint","urlTemplate":"https:\/\/sacpipe.se\/?s={search_term_string}"},"query-input":{"@type":"PropertyValueSpecification","valueRequired":true,"valueName":"search_term_string"}}],"inLanguage":"en-US"}]}},"_links":{"self":[{"href":"https:\/\/sacpipe.se\/en\/wp-json\/wp\/v2\/pages\/616","targetHints":{"allow":["GET"]}}],"collection":[{"href":"https:\/\/sacpipe.se\/en\/wp-json\/wp\/v2\/pages"}],"about":[{"href":"https:\/\/sacpipe.se\/en\/wp-json\/wp\/v2\/types\/page"}],"author":[{"embeddable":true,"href":"https:\/\/sacpipe.se\/en\/wp-json\/wp\/v2\/users\/2"}],"replies":[{"embeddable":true,"href":"https:\/\/sacpipe.se\/en\/wp-json\/wp\/v2\/comments?post=616"}],"version-history":[{"count":3,"href":"https:\/\/sacpipe.se\/en\/wp-json\/wp\/v2\/pages\/616\/revisions"}],"predecessor-version":[{"id":3320,"href":"https:\/\/sacpipe.se\/en\/wp-json\/wp\/v2\/pages\/616\/revisions\/3320"}],"up":[{"embeddable":true,"href":"https:\/\/sacpipe.se\/en\/wp-json\/wp\/v2\/pages\/271"}],"wp:featuredmedia":[{"embeddable":true,"href":"https:\/\/sacpipe.se\/en\/wp-json\/wp\/v2\/media\/533"}],"wp:attachment":[{"href":"https:\/\/sacpipe.se\/en\/wp-json\/wp\/v2\/media?parent=616"}],"curies":[{"name":"wp","href":"https:\/\/api.w.org\/{rel}","templated":true}]}}